{"id":7058,"date":"2026-02-22T18:31:00","date_gmt":"2026-02-22T18:31:00","guid":{"rendered":"https:\/\/face2facetattoo.de\/?page_id=7058"},"modified":"2026-02-22T18:33:00","modified_gmt":"2026-02-22T18:33:00","slug":"bence","status":"publish","type":"page","link":"https:\/\/face2facetattoo.de\/hu\/bence\/","title":{"rendered":"Bence"},"content":{"rendered":"<div data-elementor-type=\"wp-page\" data-elementor-id=\"7058\" class=\"elementor elementor-7058\" data-elementor-post-type=\"page\">\n\t\t\t\t\t\t<section class=\"elementor-section elementor-top-section elementor-element elementor-element-b3ec80e elementor-section-boxed elementor-section-height-default elementor-section-height-default\" data-id=\"b3ec80e\" data-element_type=\"section\" data-e-type=\"section\" data-settings=\"{&quot;background_background&quot;:&quot;classic&quot;}\">\n\t\t\t\t\t\t\t<div class=\"elementor-background-overlay\"><\/div>\n\t\t\t\t\t\t\t<div class=\"elementor-container elementor-column-gap-default\">\n\t\t\t\t\t<div class=\"elementor-column elementor-col-100 elementor-top-column elementor-element elementor-element-48728e8\" data-id=\"48728e8\" data-element_type=\"column\" data-e-type=\"column\">\n\t\t\t<div class=\"elementor-widget-wrap elementor-element-populated\">\n\t\t\t\t\t\t<div class=\"elementor-element elementor-element-d0c8b48 elementor-widget elementor-widget-heading\" data-id=\"d0c8b48\" data-element_type=\"widget\" data-e-type=\"widget\" data-settings=\"{&quot;_animation&quot;:&quot;none&quot;}\" data-widget_type=\"heading.default\">\n\t\t\t\t<div class=\"elementor-widget-container\">\n\t\t\t\t\t<h1 class=\"elementor-heading-title elementor-size-default\">Bence<\/h1>\t\t\t\t<\/div>\n\t\t\t\t<\/div>\n\t\t\t\t<div class=\"elementor-element elementor-element-35429f6 elementor-grid-1 elementor-widget__width-initial elementor-fixed elementor-hidden-mobile elementor-shape-rounded e-grid-align-center elementor-widget elementor-widget-social-icons\" data-id=\"35429f6\" data-element_type=\"widget\" data-e-type=\"widget\" data-settings=\"{&quot;_position&quot;:&quot;fixed&quot;}\" data-widget_type=\"social-icons.default\">\n\t\t\t\t<div class=\"elementor-widget-container\">\n\t\t\t\t\t\t\t<div class=\"elementor-social-icons-wrapper elementor-grid\" role=\"list\">\n\t\t\t\t\t\t\t<span class=\"elementor-grid-item\" role=\"listitem\">\n\t\t\t\t\t<a class=\"elementor-icon elementor-social-icon elementor-social-icon-facebook elementor-animation-grow elementor-repeater-item-1824844\" href=\"https:\/\/www.facebook.com\/face2facetattoostudio\" target=\"_blank\">\n\t\t\t\t\t\t<span class=\"elementor-screen-only\">Facebook<\/span>\n\t\t\t\t\t\t<i aria-hidden=\"true\" class=\"fab fa-facebook\"><\/i>\t\t\t\t\t<\/a>\n\t\t\t\t<\/span>\n\t\t\t\t\t\t\t<span class=\"elementor-grid-item\" role=\"listitem\">\n\t\t\t\t\t<a class=\"elementor-icon elementor-social-icon elementor-social-icon-instagram elementor-animation-grow elementor-repeater-item-91d828f\" href=\"https:\/\/www.instagram.com\/face2facetattoostudio\/\" target=\"_blank\">\n\t\t\t\t\t\t<span class=\"elementor-screen-only\">Instagram<\/span>\n\t\t\t\t\t\t<i aria-hidden=\"true\" class=\"fab fa-instagram\"><\/i>\t\t\t\t\t<\/a>\n\t\t\t\t<\/span>\n\t\t\t\t\t\t\t<span class=\"elementor-grid-item\" role=\"listitem\">\n\t\t\t\t\t<a class=\"elementor-icon elementor-social-icon elementor-social-icon-tiktok elementor-animation-grow elementor-repeater-item-1aa65fe\" href=\"https:\/\/tiktok.com\/@face2facetattoostudio\" target=\"_blank\">\n\t\t\t\t\t\t<span class=\"elementor-screen-only\">Tiktok<\/span>\n\t\t\t\t\t\t<i aria-hidden=\"true\" class=\"fab fa-tiktok\"><\/i>\t\t\t\t\t<\/a>\n\t\t\t\t<\/span>\n\t\t\t\t\t\t\t<span class=\"elementor-grid-item\" role=\"listitem\">\n\t\t\t\t\t<a class=\"elementor-icon elementor-social-icon elementor-social-icon-youtube elementor-animation-grow elementor-repeater-item-8b3dcb0\" href=\"https:\/\/www.youtube.com\/@face2facetattoostudio431\" target=\"_blank\">\n\t\t\t\t\t\t<span class=\"elementor-screen-only\">Youtube<\/span>\n\t\t\t\t\t\t<i aria-hidden=\"true\" class=\"fab fa-youtube\"><\/i>\t\t\t\t\t<\/a>\n\t\t\t\t<\/span>\n\t\t\t\t\t<\/div>\n\t\t\t\t\t\t<\/div>\n\t\t\t\t<\/div>\n\t\t\t\t\t<\/div>\n\t\t<\/div>\n\t\t\t\t\t<\/div>\n\t\t<\/section>\n\t\t\t\t<section class=\"elementor-section elementor-top-section elementor-element elementor-element-ff0599d elementor-section-stretched elementor-section-full_width elementor-section-height-default elementor-section-height-default\" data-id=\"ff0599d\" data-element_type=\"section\" data-e-type=\"section\" data-settings=\"{&quot;background_background&quot;:&quot;classic&quot;,&quot;stretch_section&quot;:&quot;section-stretched&quot;}\">\n\t\t\t\t\t\t<div class=\"elementor-container elementor-column-gap-default\">\n\t\t\t\t\t<div class=\"elementor-column elementor-col-100 elementor-top-column elementor-element elementor-element-d5dbd5d\" data-id=\"d5dbd5d\" data-element_type=\"column\" data-e-type=\"column\">\n\t\t\t<div class=\"elementor-widget-wrap elementor-element-populated\">\n\t\t\t\t\t\t<div class=\"elementor-element elementor-element-7d16396 elementor-widget elementor-widget-gallery\" data-id=\"7d16396\" data-element_type=\"widget\" data-e-type=\"widget\" data-settings=\"{&quot;aspect_ratio&quot;:&quot;9:16&quot;,&quot;columns&quot;:5,&quot;lazyload&quot;:&quot;yes&quot;,&quot;gallery_layout&quot;:&quot;grid&quot;,&quot;columns_tablet&quot;:2,&quot;columns_mobile&quot;:1,&quot;gap&quot;:{&quot;unit&quot;:&quot;px&quot;,&quot;size&quot;:10,&quot;sizes&quot;:[]},&quot;gap_tablet&quot;:{&quot;unit&quot;:&quot;px&quot;,&quot;size&quot;:10,&quot;sizes&quot;:[]},&quot;gap_mobile&quot;:{&quot;unit&quot;:&quot;px&quot;,&quot;size&quot;:10,&quot;sizes&quot;:[]},&quot;link_to&quot;:&quot;file&quot;,&quot;overlay_background&quot;:&quot;yes&quot;,&quot;content_hover_animation&quot;:&quot;fade-in&quot;}\" data-widget_type=\"gallery.default\">\n\t\t\t\t<div class=\"elementor-widget-container\">\n\t\t\t\t\t\t\t<div class=\"elementor-gallery__container\">\n\t\t\t\t\t\t\t<a class=\"e-gallery-item elementor-gallery-item elementor-animated-content\" href=\"https:\/\/face2facetattoo.de\/wp-content\/uploads\/2026\/02\/IMG_7063-scaled.jpeg\" data-elementor-open-lightbox=\"yes\" data-elementor-lightbox-slideshow=\"7d16396\" data-elementor-lightbox-title=\"IMG_7063\" data-e-action-hash=\"#elementor-action%3Aaction%3Dlightbox%26settings%3DeyJpZCI6NzA0NSwidXJsIjoiaHR0cHM6XC9cL2ZhY2UyZmFjZXRhdHRvby5kZVwvd3AtY29udGVudFwvdXBsb2Fkc1wvMjAyNlwvMDJcL0lNR183MDYzLXNjYWxlZC5qcGVnIiwic2xpZGVzaG93IjoiN2QxNjM5NiJ9\">\n\t\t\t\t\t<div class=\"e-gallery-image elementor-gallery-item__image\" data-thumbnail=\"https:\/\/face2facetattoo.de\/wp-content\/uploads\/2026\/02\/IMG_7063-scaled.jpeg\" data-width=\"1920\" data-height=\"2560\" aria-label=\"\" role=\"img\" ><\/div>\n\t\t\t\t\t\t\t\t\t\t\t<div class=\"elementor-gallery-item__overlay\"><\/div>\n\t\t\t\t\t\t\t\t\t\t\t\t\t\t<\/a>\n\t\t\t\t\t\t\t<a class=\"e-gallery-item elementor-gallery-item elementor-animated-content\" href=\"https:\/\/face2facetattoo.de\/wp-content\/uploads\/2026\/02\/IMG_2879_jpg-scaled.jpg\" data-elementor-open-lightbox=\"yes\" data-elementor-lightbox-slideshow=\"7d16396\" data-elementor-lightbox-title=\"IMG_2879_jpg\" data-e-action-hash=\"#elementor-action%3Aaction%3Dlightbox%26settings%3DeyJpZCI6NzA0NCwidXJsIjoiaHR0cHM6XC9cL2ZhY2UyZmFjZXRhdHRvby5kZVwvd3AtY29udGVudFwvdXBsb2Fkc1wvMjAyNlwvMDJcL0lNR18yODc5X2pwZy1zY2FsZWQuanBnIiwic2xpZGVzaG93IjoiN2QxNjM5NiJ9\">\n\t\t\t\t\t<div class=\"e-gallery-image elementor-gallery-item__image\" data-thumbnail=\"https:\/\/face2facetattoo.de\/wp-content\/uploads\/2026\/02\/IMG_2879_jpg-scaled.jpg\" data-width=\"1920\" data-height=\"2560\" aria-label=\"\" role=\"img\" ><\/div>\n\t\t\t\t\t\t\t\t\t\t\t<div class=\"elementor-gallery-item__overlay\"><\/div>\n\t\t\t\t\t\t\t\t\t\t\t\t\t\t<\/a>\n\t\t\t\t\t\t\t<a class=\"e-gallery-item elementor-gallery-item elementor-animated-content\" href=\"https:\/\/face2facetattoo.de\/wp-content\/uploads\/2026\/02\/IMG_1561-scaled.jpeg\" data-elementor-open-lightbox=\"yes\" data-elementor-lightbox-slideshow=\"7d16396\" data-elementor-lightbox-title=\"IMG_1561\" data-e-action-hash=\"#elementor-action%3Aaction%3Dlightbox%26settings%3DeyJpZCI6NzA0MywidXJsIjoiaHR0cHM6XC9cL2ZhY2UyZmFjZXRhdHRvby5kZVwvd3AtY29udGVudFwvdXBsb2Fkc1wvMjAyNlwvMDJcL0lNR18xNTYxLXNjYWxlZC5qcGVnIiwic2xpZGVzaG93IjoiN2QxNjM5NiJ9\">\n\t\t\t\t\t<div class=\"e-gallery-image elementor-gallery-item__image\" data-thumbnail=\"https:\/\/face2facetattoo.de\/wp-content\/uploads\/2026\/02\/IMG_1561-scaled.jpeg\" data-width=\"1920\" data-height=\"2560\" aria-label=\"\" role=\"img\" ><\/div>\n\t\t\t\t\t\t\t\t\t\t\t<div class=\"elementor-gallery-item__overlay\"><\/div>\n\t\t\t\t\t\t\t\t\t\t\t\t\t\t<\/a>\n\t\t\t\t\t\t\t<a class=\"e-gallery-item elementor-gallery-item elementor-animated-content\" href=\"https:\/\/face2facetattoo.de\/wp-content\/uploads\/2026\/02\/IMG_1528-scaled.jpeg\" data-elementor-open-lightbox=\"yes\" data-elementor-lightbox-slideshow=\"7d16396\" data-elementor-lightbox-title=\"IMG_1528\" data-e-action-hash=\"#elementor-action%3Aaction%3Dlightbox%26settings%3DeyJpZCI6NzA0MiwidXJsIjoiaHR0cHM6XC9cL2ZhY2UyZmFjZXRhdHRvby5kZVwvd3AtY29udGVudFwvdXBsb2Fkc1wvMjAyNlwvMDJcL0lNR18xNTI4LXNjYWxlZC5qcGVnIiwic2xpZGVzaG93IjoiN2QxNjM5NiJ9\">\n\t\t\t\t\t<div class=\"e-gallery-image elementor-gallery-item__image\" data-thumbnail=\"https:\/\/face2facetattoo.de\/wp-content\/uploads\/2026\/02\/IMG_1528-scaled.jpeg\" data-width=\"1920\" data-height=\"2560\" aria-label=\"\" role=\"img\" ><\/div>\n\t\t\t\t\t\t\t\t\t\t\t<div class=\"elementor-gallery-item__overlay\"><\/div>\n\t\t\t\t\t\t\t\t\t\t\t\t\t\t<\/a>\n\t\t\t\t\t\t\t<a class=\"e-gallery-item elementor-gallery-item elementor-animated-content\" href=\"https:\/\/face2facetattoo.de\/wp-content\/uploads\/2026\/02\/IMG_1509-scaled.jpeg\" data-elementor-open-lightbox=\"yes\" data-elementor-lightbox-slideshow=\"7d16396\" data-elementor-lightbox-title=\"IMG_1509\" data-e-action-hash=\"#elementor-action%3Aaction%3Dlightbox%26settings%3DeyJpZCI6NzA0MSwidXJsIjoiaHR0cHM6XC9cL2ZhY2UyZmFjZXRhdHRvby5kZVwvd3AtY29udGVudFwvdXBsb2Fkc1wvMjAyNlwvMDJcL0lNR18xNTA5LXNjYWxlZC5qcGVnIiwic2xpZGVzaG93IjoiN2QxNjM5NiJ9\">\n\t\t\t\t\t<div class=\"e-gallery-image elementor-gallery-item__image\" data-thumbnail=\"https:\/\/face2facetattoo.de\/wp-content\/uploads\/2026\/02\/IMG_1509-scaled.jpeg\" data-width=\"1920\" data-height=\"2560\" aria-label=\"\" role=\"img\" ><\/div>\n\t\t\t\t\t\t\t\t\t\t\t<div class=\"elementor-gallery-item__overlay\"><\/div>\n\t\t\t\t\t\t\t\t\t\t\t\t\t\t<\/a>\n\t\t\t\t\t\t\t<a class=\"e-gallery-item elementor-gallery-item elementor-animated-content\" href=\"https:\/\/face2facetattoo.de\/wp-content\/uploads\/2026\/02\/IMG_1501-scaled.jpeg\" data-elementor-open-lightbox=\"yes\" data-elementor-lightbox-slideshow=\"7d16396\" data-elementor-lightbox-title=\"IMG_1501\" data-e-action-hash=\"#elementor-action%3Aaction%3Dlightbox%26settings%3DeyJpZCI6NzA0MCwidXJsIjoiaHR0cHM6XC9cL2ZhY2UyZmFjZXRhdHRvby5kZVwvd3AtY29udGVudFwvdXBsb2Fkc1wvMjAyNlwvMDJcL0lNR18xNTAxLXNjYWxlZC5qcGVnIiwic2xpZGVzaG93IjoiN2QxNjM5NiJ9\">\n\t\t\t\t\t<div class=\"e-gallery-image elementor-gallery-item__image\" data-thumbnail=\"https:\/\/face2facetattoo.de\/wp-content\/uploads\/2026\/02\/IMG_1501-scaled.jpeg\" data-width=\"1920\" data-height=\"2560\" aria-label=\"\" role=\"img\" ><\/div>\n\t\t\t\t\t\t\t\t\t\t\t<div class=\"elementor-gallery-item__overlay\"><\/div>\n\t\t\t\t\t\t\t\t\t\t\t\t\t\t<\/a>\n\t\t\t\t\t\t\t<a class=\"e-gallery-item elementor-gallery-item elementor-animated-content\" href=\"https:\/\/face2facetattoo.de\/wp-content\/uploads\/2026\/02\/IMG_1485-scaled.jpeg\" data-elementor-open-lightbox=\"yes\" data-elementor-lightbox-slideshow=\"7d16396\" data-elementor-lightbox-title=\"IMG_1485\" data-e-action-hash=\"#elementor-action%3Aaction%3Dlightbox%26settings%3DeyJpZCI6NzAzOSwidXJsIjoiaHR0cHM6XC9cL2ZhY2UyZmFjZXRhdHRvby5kZVwvd3AtY29udGVudFwvdXBsb2Fkc1wvMjAyNlwvMDJcL0lNR18xNDg1LXNjYWxlZC5qcGVnIiwic2xpZGVzaG93IjoiN2QxNjM5NiJ9\">\n\t\t\t\t\t<div class=\"e-gallery-image elementor-gallery-item__image\" data-thumbnail=\"https:\/\/face2facetattoo.de\/wp-content\/uploads\/2026\/02\/IMG_1485-scaled.jpeg\" data-width=\"1920\" data-height=\"2560\" aria-label=\"\" role=\"img\" ><\/div>\n\t\t\t\t\t\t\t\t\t\t\t<div class=\"elementor-gallery-item__overlay\"><\/div>\n\t\t\t\t\t\t\t\t\t\t\t\t\t\t<\/a>\n\t\t\t\t\t\t\t<a class=\"e-gallery-item elementor-gallery-item elementor-animated-content\" href=\"https:\/\/face2facetattoo.de\/wp-content\/uploads\/2026\/02\/FullSizeRender-3-scaled.jpeg\" data-elementor-open-lightbox=\"yes\" data-elementor-lightbox-slideshow=\"7d16396\" data-elementor-lightbox-title=\"FullSizeRender\" data-e-action-hash=\"#elementor-action%3Aaction%3Dlightbox%26settings%3DeyJpZCI6NzAzOCwidXJsIjoiaHR0cHM6XC9cL2ZhY2UyZmFjZXRhdHRvby5kZVwvd3AtY29udGVudFwvdXBsb2Fkc1wvMjAyNlwvMDJcL0Z1bGxTaXplUmVuZGVyLTMtc2NhbGVkLmpwZWciLCJzbGlkZXNob3ciOiI3ZDE2Mzk2In0%3D\">\n\t\t\t\t\t<div class=\"e-gallery-image elementor-gallery-item__image\" data-thumbnail=\"https:\/\/face2facetattoo.de\/wp-content\/uploads\/2026\/02\/FullSizeRender-3-scaled.jpeg\" data-width=\"1920\" data-height=\"2560\" aria-label=\"\" role=\"img\" ><\/div>\n\t\t\t\t\t\t\t\t\t\t\t<div class=\"elementor-gallery-item__overlay\"><\/div>\n\t\t\t\t\t\t\t\t\t\t\t\t\t\t<\/a>\n\t\t\t\t\t\t\t<a class=\"e-gallery-item elementor-gallery-item elementor-animated-content\" href=\"https:\/\/face2facetattoo.de\/wp-content\/uploads\/2026\/02\/FullSizeRender-2-scaled.jpeg\" data-elementor-open-lightbox=\"yes\" data-elementor-lightbox-slideshow=\"7d16396\" data-elementor-lightbox-title=\"FullSizeRender 2\" data-e-action-hash=\"#elementor-action%3Aaction%3Dlightbox%26settings%3DeyJpZCI6NzAzNywidXJsIjoiaHR0cHM6XC9cL2ZhY2UyZmFjZXRhdHRvby5kZVwvd3AtY29udGVudFwvdXBsb2Fkc1wvMjAyNlwvMDJcL0Z1bGxTaXplUmVuZGVyLTItc2NhbGVkLmpwZWciLCJzbGlkZXNob3ciOiI3ZDE2Mzk2In0%3D\">\n\t\t\t\t\t<div class=\"e-gallery-image elementor-gallery-item__image\" data-thumbnail=\"https:\/\/face2facetattoo.de\/wp-content\/uploads\/2026\/02\/FullSizeRender-2-scaled.jpeg\" data-width=\"1920\" data-height=\"2560\" aria-label=\"\" role=\"img\" ><\/div>\n\t\t\t\t\t\t\t\t\t\t\t<div class=\"elementor-gallery-item__overlay\"><\/div>\n\t\t\t\t\t\t\t\t\t\t\t\t\t\t<\/a>\n\t\t\t\t\t<\/div>\n\t\t\t\t\t<\/div>\n\t\t\t\t<\/div>\n\t\t\t\t\t<\/div>\n\t\t<\/div>\n\t\t\t\t\t<\/div>\n\t\t<\/section>\n\t\t\t\t<\/div>","protected":false},"excerpt":{"rendered":"<p>Bence Facebook Instagram Tiktok Youtube<\/p>","protected":false},"author":1,"featured_media":0,"parent":0,"menu_order":0,"comment_status":"closed","ping_status":"closed","template":"elementor_header_footer","meta":{"footnotes":""},"class_list":["post-7058","page","type-page","status-publish","hentry","entry"],"yoast_head":"<!-- This site is optimized with the Yoast SEO plugin v27.1.1 - https:\/\/yoast.com\/product\/yoast-seo-wordpress\/ -->\n<title>Bence - Face2Face Tattoo&amp;Piercing Studio<\/title>\n<meta name=\"robots\" content=\"index, follow, max-snippet:-1, max-image-preview:large, max-video-preview:-1\" \/>\n<link rel=\"canonical\" href=\"https:\/\/face2facetattoo.de\/hu\/bence\/\" \/>\n<meta property=\"og:locale\" content=\"hu_HU\" \/>\n<meta property=\"og:type\" content=\"article\" \/>\n<meta property=\"og:title\" content=\"Bence - Face2Face Tattoo&amp;Piercing Studio\" \/>\n<meta property=\"og:description\" content=\"Bence Facebook Instagram Tiktok Youtube\" \/>\n<meta property=\"og:url\" content=\"https:\/\/face2facetattoo.de\/hu\/bence\/\" \/>\n<meta property=\"og:site_name\" content=\"Face2Face Tattoo&amp;Piercing Studio\" \/>\n<meta property=\"article:publisher\" content=\"https:\/\/www.facebook.com\/face2facetattoostudio\" \/>\n<meta property=\"article:modified_time\" content=\"2026-02-22T18:33:00+00:00\" \/>\n<meta name=\"twitter:card\" content=\"summary_large_image\" \/>\n<meta name=\"twitter:label1\" content=\"Becs\u00fclt olvas\u00e1si id\u0151\" \/>\n\t<meta name=\"twitter:data1\" content=\"1 perc\" \/>\n<script type=\"application\/ld+json\" class=\"yoast-schema-graph\">{\"@context\":\"https:\/\/schema.org\",\"@graph\":[{\"@type\":\"WebPage\",\"@id\":\"https:\/\/face2facetattoo.de\/bence\/\",\"url\":\"https:\/\/face2facetattoo.de\/bence\/\",\"name\":\"Bence - Face2Face Tattoo&amp;Piercing Studio\",\"isPartOf\":{\"@id\":\"https:\/\/face2facetattoo.de\/#website\"},\"datePublished\":\"2026-02-22T18:31:00+00:00\",\"dateModified\":\"2026-02-22T18:33:00+00:00\",\"breadcrumb\":{\"@id\":\"https:\/\/face2facetattoo.de\/bence\/#breadcrumb\"},\"inLanguage\":\"hu\",\"potentialAction\":[{\"@type\":\"ReadAction\",\"target\":[\"https:\/\/face2facetattoo.de\/bence\/\"]}]},{\"@type\":\"BreadcrumbList\",\"@id\":\"https:\/\/face2facetattoo.de\/bence\/#breadcrumb\",\"itemListElement\":[{\"@type\":\"ListItem\",\"position\":1,\"name\":\"Kezd\u0151lap\",\"item\":\"https:\/\/face2facetattoo.de\/\"},{\"@type\":\"ListItem\",\"position\":2,\"name\":\"Bence\"}]},{\"@type\":\"WebSite\",\"@id\":\"https:\/\/face2facetattoo.de\/#website\",\"url\":\"https:\/\/face2facetattoo.de\/\",\"name\":\"Face2Face Tattoo&amp;Piercing Studio\",\"description\":\"Braunschweig\",\"potentialAction\":[{\"@type\":\"SearchAction\",\"target\":{\"@type\":\"EntryPoint\",\"urlTemplate\":\"https:\/\/face2facetattoo.de\/?s={search_term_string}\"},\"query-input\":{\"@type\":\"PropertyValueSpecification\",\"valueRequired\":true,\"valueName\":\"search_term_string\"}}],\"inLanguage\":\"hu\"}]}<\/script>\n<!-- \/ Yoast SEO plugin. -->","yoast_head_json":{"title":"Bence - Face2Face Tattoo&amp;Piercing Studio","robots":{"index":"index","follow":"follow","max-snippet":"max-snippet:-1","max-image-preview":"max-image-preview:large","max-video-preview":"max-video-preview:-1"},"canonical":"https:\/\/face2facetattoo.de\/hu\/bence\/","og_locale":"hu_HU","og_type":"article","og_title":"Bence - Face2Face Tattoo&amp;Piercing Studio","og_description":"Bence Facebook Instagram Tiktok Youtube","og_url":"https:\/\/face2facetattoo.de\/hu\/bence\/","og_site_name":"Face2Face Tattoo&amp;Piercing Studio","article_publisher":"https:\/\/www.facebook.com\/face2facetattoostudio","article_modified_time":"2026-02-22T18:33:00+00:00","twitter_card":"summary_large_image","twitter_misc":{"Becs\u00fclt olvas\u00e1si id\u0151":"1 perc"},"schema":{"@context":"https:\/\/schema.org","@graph":[{"@type":"WebPage","@id":"https:\/\/face2facetattoo.de\/bence\/","url":"https:\/\/face2facetattoo.de\/bence\/","name":"Bence - Face2Face Tattoo&amp;Piercing Studio","isPartOf":{"@id":"https:\/\/face2facetattoo.de\/#website"},"datePublished":"2026-02-22T18:31:00+00:00","dateModified":"2026-02-22T18:33:00+00:00","breadcrumb":{"@id":"https:\/\/face2facetattoo.de\/bence\/#breadcrumb"},"inLanguage":"hu","potentialAction":[{"@type":"ReadAction","target":["https:\/\/face2facetattoo.de\/bence\/"]}]},{"@type":"BreadcrumbList","@id":"https:\/\/face2facetattoo.de\/bence\/#breadcrumb","itemListElement":[{"@type":"ListItem","position":1,"name":"Kezd\u0151lap","item":"https:\/\/face2facetattoo.de\/"},{"@type":"ListItem","position":2,"name":"Bence"}]},{"@type":"WebSite","@id":"https:\/\/face2facetattoo.de\/#website","url":"https:\/\/face2facetattoo.de\/","name":"Face2Face Tattoo&amp;Piercing Studio","description":"Brunswick","potentialAction":[{"@type":"SearchAction","target":{"@type":"EntryPoint","urlTemplate":"https:\/\/face2facetattoo.de\/?s={search_term_string}"},"query-input":{"@type":"PropertyValueSpecification","valueRequired":true,"valueName":"search_term_string"}}],"inLanguage":"hu"}]}},"_links":{"self":[{"href":"https:\/\/face2facetattoo.de\/hu\/wp-json\/wp\/v2\/pages\/7058","targetHints":{"allow":["GET"]}}],"collection":[{"href":"https:\/\/face2facetattoo.de\/hu\/wp-json\/wp\/v2\/pages"}],"about":[{"href":"https:\/\/face2facetattoo.de\/hu\/wp-json\/wp\/v2\/types\/page"}],"author":[{"embeddable":true,"href":"https:\/\/face2facetattoo.de\/hu\/wp-json\/wp\/v2\/users\/1"}],"replies":[{"embeddable":true,"href":"https:\/\/face2facetattoo.de\/hu\/wp-json\/wp\/v2\/comments?post=7058"}],"version-history":[{"count":4,"href":"https:\/\/face2facetattoo.de\/hu\/wp-json\/wp\/v2\/pages\/7058\/revisions"}],"predecessor-version":[{"id":7063,"href":"https:\/\/face2facetattoo.de\/hu\/wp-json\/wp\/v2\/pages\/7058\/revisions\/7063"}],"wp:attachment":[{"href":"https:\/\/face2facetattoo.de\/hu\/wp-json\/wp\/v2\/media?parent=7058"}],"curies":[{"name":"wp","href":"https:\/\/api.w.org\/{rel}","templated":true}]}}