{"id":6563,"date":"2025-12-09T18:21:22","date_gmt":"2025-12-09T18:21:22","guid":{"rendered":"https:\/\/face2facetattoo.de\/?page_id=6563"},"modified":"2025-12-09T19:03:14","modified_gmt":"2025-12-09T19:03:14","slug":"downloadbare-dokumente","status":"publish","type":"page","link":"https:\/\/face2facetattoo.de\/hu\/downloadbare-dokumente\/","title":{"rendered":"Downloadbare Dokumente"},"content":{"rendered":"<div data-elementor-type=\"wp-page\" data-elementor-id=\"6563\" class=\"elementor elementor-6563\" data-elementor-post-type=\"page\">\n\t\t\t\t\t\t<section class=\"elementor-section elementor-top-section elementor-element elementor-element-cd81676 elementor-section-boxed elementor-section-height-default elementor-section-height-default\" data-id=\"cd81676\" data-element_type=\"section\" data-e-type=\"section\" data-settings=\"{&quot;background_background&quot;:&quot;classic&quot;}\">\n\t\t\t\t\t\t\t<div class=\"elementor-background-overlay\"><\/div>\n\t\t\t\t\t\t\t<div class=\"elementor-container elementor-column-gap-default\">\n\t\t\t\t\t<div class=\"elementor-column elementor-col-100 elementor-top-column elementor-element elementor-element-bb42ce8\" data-id=\"bb42ce8\" data-element_type=\"column\" data-e-type=\"column\">\n\t\t\t<div class=\"elementor-widget-wrap elementor-element-populated\">\n\t\t\t\t\t\t<div class=\"elementor-element elementor-element-93f57fc elementor-widget elementor-widget-heading\" data-id=\"93f57fc\" data-element_type=\"widget\" data-e-type=\"widget\" data-settings=\"{&quot;_animation&quot;:&quot;none&quot;}\" data-widget_type=\"heading.default\">\n\t\t\t\t<div class=\"elementor-widget-container\">\n\t\t\t\t\t<h1 class=\"elementor-heading-title elementor-size-default\">Downloadbare Dokumente<\/h1>\t\t\t\t<\/div>\n\t\t\t\t<\/div>\n\t\t\t\t<div class=\"elementor-element elementor-element-4aaaa6c elementor-widget elementor-widget-text-editor\" data-id=\"4aaaa6c\" data-element_type=\"widget\" data-e-type=\"widget\" data-widget_type=\"text-editor.default\">\n\t\t\t\t<div class=\"elementor-widget-container\">\n\t\t\t\t\t\t\t\t\t<p data-start=\"164\" data-end=\"384\">Hier finden Sie wichtige Dokumente mit Tipps und Anleitungen zur Pflege Ihres frischen Tattoos. <br \/>Laden Sie die Informationen herunter, um die Heilung zu unterst\u00fctzen und beste Ergebnisse zu erzielen.<\/p>\t\t\t\t\t\t\t\t<\/div>\n\t\t\t\t<\/div>\n\t\t\t\t<div class=\"elementor-element elementor-element-4029a33 elementor-grid-1 elementor-widget__width-initial elementor-fixed elementor-hidden-mobile elementor-shape-rounded e-grid-align-center elementor-widget elementor-widget-social-icons\" data-id=\"4029a33\" data-element_type=\"widget\" data-e-type=\"widget\" data-settings=\"{&quot;_position&quot;:&quot;fixed&quot;}\" data-widget_type=\"social-icons.default\">\n\t\t\t\t<div class=\"elementor-widget-container\">\n\t\t\t\t\t\t\t<div class=\"elementor-social-icons-wrapper elementor-grid\" role=\"list\">\n\t\t\t\t\t\t\t<span class=\"elementor-grid-item\" role=\"listitem\">\n\t\t\t\t\t<a class=\"elementor-icon elementor-social-icon elementor-social-icon-facebook elementor-animation-grow elementor-repeater-item-1824844\" href=\"https:\/\/www.facebook.com\/face2facetattoostudio\" target=\"_blank\">\n\t\t\t\t\t\t<span class=\"elementor-screen-only\">Facebook<\/span>\n\t\t\t\t\t\t<i aria-hidden=\"true\" class=\"fab fa-facebook\"><\/i>\t\t\t\t\t<\/a>\n\t\t\t\t<\/span>\n\t\t\t\t\t\t\t<span class=\"elementor-grid-item\" role=\"listitem\">\n\t\t\t\t\t<a class=\"elementor-icon elementor-social-icon elementor-social-icon-instagram elementor-animation-grow elementor-repeater-item-91d828f\" href=\"https:\/\/www.instagram.com\/face2facetattoostudio\/\" target=\"_blank\">\n\t\t\t\t\t\t<span class=\"elementor-screen-only\">Instagram<\/span>\n\t\t\t\t\t\t<i aria-hidden=\"true\" class=\"fab fa-instagram\"><\/i>\t\t\t\t\t<\/a>\n\t\t\t\t<\/span>\n\t\t\t\t\t\t\t<span class=\"elementor-grid-item\" role=\"listitem\">\n\t\t\t\t\t<a class=\"elementor-icon elementor-social-icon elementor-social-icon-tiktok elementor-animation-grow elementor-repeater-item-1aa65fe\" href=\"https:\/\/tiktok.com\/@face2facetattoostudio\" target=\"_blank\">\n\t\t\t\t\t\t<span class=\"elementor-screen-only\">Tiktok<\/span>\n\t\t\t\t\t\t<i aria-hidden=\"true\" class=\"fab fa-tiktok\"><\/i>\t\t\t\t\t<\/a>\n\t\t\t\t<\/span>\n\t\t\t\t\t\t\t<span class=\"elementor-grid-item\" role=\"listitem\">\n\t\t\t\t\t<a class=\"elementor-icon elementor-social-icon elementor-social-icon-youtube elementor-animation-grow elementor-repeater-item-8b3dcb0\" href=\"https:\/\/www.youtube.com\/@face2facetattoostudio431\" target=\"_blank\">\n\t\t\t\t\t\t<span class=\"elementor-screen-only\">Youtube<\/span>\n\t\t\t\t\t\t<i aria-hidden=\"true\" class=\"fab fa-youtube\"><\/i>\t\t\t\t\t<\/a>\n\t\t\t\t<\/span>\n\t\t\t\t\t<\/div>\n\t\t\t\t\t\t<\/div>\n\t\t\t\t<\/div>\n\t\t\t\t\t<\/div>\n\t\t<\/div>\n\t\t\t\t\t<\/div>\n\t\t<\/section>\n\t\t\t\t<section class=\"elementor-section elementor-top-section elementor-element elementor-element-6bccacb elementor-section-boxed elementor-section-height-default elementor-section-height-default\" data-id=\"6bccacb\" data-element_type=\"section\" data-e-type=\"section\" data-settings=\"{&quot;background_background&quot;:&quot;classic&quot;}\">\n\t\t\t\t\t\t<div class=\"elementor-container elementor-column-gap-default\">\n\t\t\t\t\t<div class=\"elementor-column elementor-col-100 elementor-top-column elementor-element elementor-element-756ad1b\" data-id=\"756ad1b\" data-element_type=\"column\" data-e-type=\"column\">\n\t\t\t<div class=\"elementor-widget-wrap elementor-element-populated\">\n\t\t\t\t\t\t<div class=\"elementor-element elementor-element-1760321 elementor-widget elementor-widget-spacer\" data-id=\"1760321\" data-element_type=\"widget\" data-e-type=\"widget\" data-widget_type=\"spacer.default\">\n\t\t\t\t<div class=\"elementor-widget-container\">\n\t\t\t\t\t\t\t<div class=\"elementor-spacer\">\n\t\t\t<div class=\"elementor-spacer-inner\"><\/div>\n\t\t<\/div>\n\t\t\t\t\t\t<\/div>\n\t\t\t\t<\/div>\n\t\t\t\t<section class=\"elementor-section elementor-inner-section elementor-element elementor-element-18924e4 elementor-section-boxed elementor-section-height-default elementor-section-height-default\" data-id=\"18924e4\" data-element_type=\"section\" data-e-type=\"section\">\n\t\t\t\t\t\t<div class=\"elementor-container elementor-column-gap-no\">\n\t\t\t\t\t<div class=\"elementor-column elementor-col-50 elementor-inner-column elementor-element elementor-element-2c6dea4\" data-id=\"2c6dea4\" data-element_type=\"column\" data-e-type=\"column\">\n\t\t\t<div class=\"elementor-widget-wrap elementor-element-populated\">\n\t\t\t\t\t\t<div class=\"elementor-element elementor-element-44d0f4e elementor-widget elementor-widget-image-box\" data-id=\"44d0f4e\" data-element_type=\"widget\" data-e-type=\"widget\" data-widget_type=\"image-box.default\">\n\t\t\t\t<div class=\"elementor-widget-container\">\n\t\t\t\t\t<div class=\"elementor-image-box-wrapper\"><div class=\"elementor-image-box-content\"><h3 class=\"elementor-image-box-title\">Pflegehinweise f\u00fcr Ihr Tattoo mit Second Skin Folie<\/h3><p class=\"elementor-image-box-description\">Laden Sie diese Anleitung herunter, um alle wichtigen Tipps zur Pflege Ihres Tattoos mit der Second Skin Folie jederzeit griffbereit zu haben. So stellen Sie sicher, dass Ihr Tattoo optimal heilt und lange sch\u00f6n bleibt.<\/p><\/div><\/div>\t\t\t\t<\/div>\n\t\t\t\t<\/div>\n\t\t\t\t<div class=\"elementor-element elementor-element-f32f953 elementor-align-left elementor-tablet-align-center elementor-widget elementor-widget-button\" data-id=\"f32f953\" data-element_type=\"widget\" data-e-type=\"widget\" data-widget_type=\"button.default\">\n\t\t\t\t<div class=\"elementor-widget-container\">\n\t\t\t\t\t\t\t\t\t<div class=\"elementor-button-wrapper\">\n\t\t\t\t\t<a class=\"elementor-button elementor-button-link elementor-size-sm elementor-animation-grow-rotate\" href=\"https:\/\/face2facetattoo.de\/wp-content\/uploads\/2025\/12\/SECOND-SKIN-tajekoztato-3-5-days.pdf\">\n\t\t\t\t\t\t<span class=\"elementor-button-content-wrapper\">\n\t\t\t\t\t\t<span class=\"elementor-button-icon\">\n\t\t\t\t<i aria-hidden=\"true\" class=\"fas fa-file-download\"><\/i>\t\t\t<\/span>\n\t\t\t\t\t\t\t\t\t<span class=\"elementor-button-text\">Dokumentation herunterladen<\/span>\n\t\t\t\t\t<\/span>\n\t\t\t\t\t<\/a>\n\t\t\t\t<\/div>\n\t\t\t\t\t\t\t\t<\/div>\n\t\t\t\t<\/div>\n\t\t\t\t<div class=\"elementor-element elementor-element-3b69da0 elementor-widget elementor-widget-image-box\" data-id=\"3b69da0\" data-element_type=\"widget\" data-e-type=\"widget\" data-widget_type=\"image-box.default\">\n\t\t\t\t<div class=\"elementor-widget-container\">\n\t\t\t\t\t<div class=\"elementor-image-box-wrapper\"><div class=\"elementor-image-box-content\"><h3 class=\"elementor-image-box-title\">So pflegen Sie Ihr Tattoo <\/h3><p class=\"elementor-image-box-description\">Laden Sie diese Anleitung herunter, um alle wichtigen Tipps zur Pflege Ihres frischen Tattoos jederzeit griffbereit zu haben. So stellen Sie sicher, dass Ihr Tattoo optimal heilt und lange sch\u00f6n bleibt.<\/p><\/div><\/div>\t\t\t\t<\/div>\n\t\t\t\t<\/div>\n\t\t\t\t<div class=\"elementor-element elementor-element-cc69592 elementor-align-left elementor-tablet-align-center elementor-widget elementor-widget-button\" data-id=\"cc69592\" data-element_type=\"widget\" data-e-type=\"widget\" data-widget_type=\"button.default\">\n\t\t\t\t<div class=\"elementor-widget-container\">\n\t\t\t\t\t\t\t\t\t<div class=\"elementor-button-wrapper\">\n\t\t\t\t\t<a class=\"elementor-button elementor-button-link elementor-size-sm elementor-animation-grow-rotate\" href=\"https:\/\/face2facetattoo.de\/wp-content\/uploads\/2025\/12\/Tetovalas-apolasa.pdf\">\n\t\t\t\t\t\t<span class=\"elementor-button-content-wrapper\">\n\t\t\t\t\t\t<span class=\"elementor-button-icon\">\n\t\t\t\t<i aria-hidden=\"true\" class=\"fas fa-file-download\"><\/i>\t\t\t<\/span>\n\t\t\t\t\t\t\t\t\t<span class=\"elementor-button-text\">Dokumentation herunterladen<\/span>\n\t\t\t\t\t<\/span>\n\t\t\t\t\t<\/a>\n\t\t\t\t<\/div>\n\t\t\t\t\t\t\t\t<\/div>\n\t\t\t\t<\/div>\n\t\t\t\t\t<\/div>\n\t\t<\/div>\n\t\t\t\t<div class=\"elementor-column elementor-col-50 elementor-inner-column elementor-element elementor-element-1748a07\" data-id=\"1748a07\" data-element_type=\"column\" data-e-type=\"column\">\n\t\t\t<div class=\"elementor-widget-wrap elementor-element-populated\">\n\t\t\t\t\t\t<div class=\"elementor-element elementor-element-82b0a03 elementor-widget elementor-widget-image-box\" data-id=\"82b0a03\" data-element_type=\"widget\" data-e-type=\"widget\" data-widget_type=\"image-box.default\">\n\t\t\t\t<div class=\"elementor-widget-container\">\n\t\t\t\t\t<div class=\"elementor-image-box-wrapper\"><div class=\"elementor-image-box-content\"><h3 class=\"elementor-image-box-title\">Vorbereitung auf den Tattoo<\/h3><p class=\"elementor-image-box-description\">Laden Sie diese Anleitung herunter, um alle wichtigen Tipps zur optimalen Vorbereitung auf Ihren Tattoo-Termin griffbereit zu haben. So stellen Sie sicher, dass Ihr Termin entspannt verl\u00e4uft und Sie das beste Ergebnis erzielen.<\/p><\/div><\/div>\t\t\t\t<\/div>\n\t\t\t\t<\/div>\n\t\t\t\t<div class=\"elementor-element elementor-element-b501dc1 elementor-align-right elementor-tablet-align-center elementor-widget elementor-widget-button\" data-id=\"b501dc1\" data-element_type=\"widget\" data-e-type=\"widget\" data-widget_type=\"button.default\">\n\t\t\t\t<div class=\"elementor-widget-container\">\n\t\t\t\t\t\t\t\t\t<div class=\"elementor-button-wrapper\">\n\t\t\t\t\t<a class=\"elementor-button elementor-button-link elementor-size-sm elementor-animation-grow-rotate\" href=\"https:\/\/face2facetattoo.de\/wp-content\/uploads\/2025\/12\/Tetovalas-elotti-felkeszules.pdf\">\n\t\t\t\t\t\t<span class=\"elementor-button-content-wrapper\">\n\t\t\t\t\t\t<span class=\"elementor-button-icon\">\n\t\t\t\t<i aria-hidden=\"true\" class=\"fas fa-file-download\"><\/i>\t\t\t<\/span>\n\t\t\t\t\t\t\t\t\t<span class=\"elementor-button-text\">Dokumentation herunterladen<\/span>\n\t\t\t\t\t<\/span>\n\t\t\t\t\t<\/a>\n\t\t\t\t<\/div>\n\t\t\t\t\t\t\t\t<\/div>\n\t\t\t\t<\/div>\n\t\t\t\t<div class=\"elementor-element elementor-element-8dba331 elementor-widget elementor-widget-image-box\" data-id=\"8dba331\" data-element_type=\"widget\" data-e-type=\"widget\" data-widget_type=\"image-box.default\">\n\t\t\t\t<div class=\"elementor-widget-container\">\n\t\t\t\t\t<div class=\"elementor-image-box-wrapper\"><div class=\"elementor-image-box-content\"><h3 class=\"elementor-image-box-title\">Piercing-Nachpflegeanleitung<\/h3><p class=\"elementor-image-box-description\">Laden Sie diese Anleitung herunter, um alle wichtigen Tipps zur Pflege Ihres neuen Piercings jederzeit griffbereit zu haben. So stellen Sie sicher, dass Ihr Piercing optimal heilt und lange gesund bleibt \u2013 jetzt hier herunterladen.<\/p><\/div><\/div>\t\t\t\t<\/div>\n\t\t\t\t<\/div>\n\t\t\t\t<div class=\"elementor-element elementor-element-8c8dee7 elementor-align-right elementor-tablet-align-center elementor-widget elementor-widget-button\" data-id=\"8c8dee7\" data-element_type=\"widget\" data-e-type=\"widget\" data-widget_type=\"button.default\">\n\t\t\t\t<div class=\"elementor-widget-container\">\n\t\t\t\t\t\t\t\t\t<div class=\"elementor-button-wrapper\">\n\t\t\t\t\t<a class=\"elementor-button elementor-button-link elementor-size-sm elementor-animation-grow-rotate\" href=\"https:\/\/face2facetattoo.de\/wp-content\/uploads\/2025\/12\/Piercing-Utokezeles.pdf\">\n\t\t\t\t\t\t<span class=\"elementor-button-content-wrapper\">\n\t\t\t\t\t\t<span class=\"elementor-button-icon\">\n\t\t\t\t<i aria-hidden=\"true\" class=\"fas fa-file-download\"><\/i>\t\t\t<\/span>\n\t\t\t\t\t\t\t\t\t<span class=\"elementor-button-text\">Dokumentation herunterladen<\/span>\n\t\t\t\t\t<\/span>\n\t\t\t\t\t<\/a>\n\t\t\t\t<\/div>\n\t\t\t\t\t\t\t\t<\/div>\n\t\t\t\t<\/div>\n\t\t\t\t\t<\/div>\n\t\t<\/div>\n\t\t\t\t\t<\/div>\n\t\t<\/section>\n\t\t\t\t\t<\/div>\n\t\t<\/div>\n\t\t\t\t\t<\/div>\n\t\t<\/section>\n\t\t\t\t<\/div>","protected":false},"excerpt":{"rendered":"<p>Downloadbare Dokumente Hier finden Sie wichtige Dokumente mit Tipps und Anleitungen zur Pflege Ihres frischen Tattoos. Laden Sie die Informationen herunter, um die Heilung zu unterst\u00fctzen und beste Ergebnisse zu erzielen. Facebook Instagram Tiktok Youtube Pflegehinweise f\u00fcr Ihr Tattoo mit Second Skin Folie Laden Sie diese Anleitung herunter, um alle wichtigen Tipps zur Pflege Ihres [&hellip;]<\/p>\n","protected":false},"author":1,"featured_media":0,"parent":0,"menu_order":0,"comment_status":"closed","ping_status":"closed","template":"elementor_header_footer","meta":{"footnotes":""},"class_list":["post-6563","page","type-page","status-publish","hentry","entry"],"yoast_head":"<!-- This site is optimized with the Yoast SEO plugin v27.1.1 - https:\/\/yoast.com\/product\/yoast-seo-wordpress\/ -->\n<title>Downloadbare Dokumente - Face2Face Tattoo&amp;Piercing Studio<\/title>\n<meta name=\"robots\" content=\"index, follow, max-snippet:-1, max-image-preview:large, max-video-preview:-1\" \/>\n<link rel=\"canonical\" href=\"https:\/\/face2facetattoo.de\/hu\/downloadbare-dokumente\/\" \/>\n<meta property=\"og:locale\" content=\"hu_HU\" \/>\n<meta property=\"og:type\" content=\"article\" \/>\n<meta property=\"og:title\" content=\"Downloadbare Dokumente - Face2Face Tattoo&amp;Piercing Studio\" \/>\n<meta property=\"og:description\" content=\"Downloadbare Dokumente Hier finden Sie wichtige Dokumente mit Tipps und Anleitungen zur Pflege Ihres frischen Tattoos. Laden Sie die Informationen herunter, um die Heilung zu unterst\u00fctzen und beste Ergebnisse zu erzielen. Facebook Instagram Tiktok Youtube Pflegehinweise f\u00fcr Ihr Tattoo mit Second Skin Folie Laden Sie diese Anleitung herunter, um alle wichtigen Tipps zur Pflege Ihres [&hellip;]\" \/>\n<meta property=\"og:url\" content=\"https:\/\/face2facetattoo.de\/hu\/downloadbare-dokumente\/\" \/>\n<meta property=\"og:site_name\" content=\"Face2Face Tattoo&amp;Piercing Studio\" \/>\n<meta property=\"article:publisher\" content=\"https:\/\/www.facebook.com\/face2facetattoostudio\" \/>\n<meta property=\"article:modified_time\" content=\"2025-12-09T19:03:14+00:00\" \/>\n<meta name=\"twitter:card\" content=\"summary_large_image\" \/>\n<meta name=\"twitter:label1\" content=\"Becs\u00fclt olvas\u00e1si id\u0151\" \/>\n\t<meta name=\"twitter:data1\" content=\"2 perc\" \/>\n<script type=\"application\/ld+json\" class=\"yoast-schema-graph\">{\"@context\":\"https:\/\/schema.org\",\"@graph\":[{\"@type\":\"WebPage\",\"@id\":\"https:\/\/face2facetattoo.de\/downloadbare-dokumente\/\",\"url\":\"https:\/\/face2facetattoo.de\/downloadbare-dokumente\/\",\"name\":\"Downloadbare Dokumente - Face2Face Tattoo&amp;Piercing Studio\",\"isPartOf\":{\"@id\":\"https:\/\/face2facetattoo.de\/#website\"},\"datePublished\":\"2025-12-09T18:21:22+00:00\",\"dateModified\":\"2025-12-09T19:03:14+00:00\",\"breadcrumb\":{\"@id\":\"https:\/\/face2facetattoo.de\/downloadbare-dokumente\/#breadcrumb\"},\"inLanguage\":\"hu\",\"potentialAction\":[{\"@type\":\"ReadAction\",\"target\":[\"https:\/\/face2facetattoo.de\/downloadbare-dokumente\/\"]}]},{\"@type\":\"BreadcrumbList\",\"@id\":\"https:\/\/face2facetattoo.de\/downloadbare-dokumente\/#breadcrumb\",\"itemListElement\":[{\"@type\":\"ListItem\",\"position\":1,\"name\":\"Kezd\u0151lap\",\"item\":\"https:\/\/face2facetattoo.de\/\"},{\"@type\":\"ListItem\",\"position\":2,\"name\":\"Downloadbare Dokumente\"}]},{\"@type\":\"WebSite\",\"@id\":\"https:\/\/face2facetattoo.de\/#website\",\"url\":\"https:\/\/face2facetattoo.de\/\",\"name\":\"Face2Face Tattoo&amp;Piercing Studio\",\"description\":\"Braunschweig\",\"potentialAction\":[{\"@type\":\"SearchAction\",\"target\":{\"@type\":\"EntryPoint\",\"urlTemplate\":\"https:\/\/face2facetattoo.de\/?s={search_term_string}\"},\"query-input\":{\"@type\":\"PropertyValueSpecification\",\"valueRequired\":true,\"valueName\":\"search_term_string\"}}],\"inLanguage\":\"hu\"}]}<\/script>\n<!-- \/ Yoast SEO plugin. -->","yoast_head_json":{"title":"Downloadbare Dokumente - Face2Face Tattoo&amp;Piercing Studio","robots":{"index":"index","follow":"follow","max-snippet":"max-snippet:-1","max-image-preview":"max-image-preview:large","max-video-preview":"max-video-preview:-1"},"canonical":"https:\/\/face2facetattoo.de\/hu\/downloadbare-dokumente\/","og_locale":"hu_HU","og_type":"article","og_title":"Downloadbare Dokumente - Face2Face Tattoo&amp;Piercing Studio","og_description":"Downloadbare Dokumente Hier finden Sie wichtige Dokumente mit Tipps und Anleitungen zur Pflege Ihres frischen Tattoos. Laden Sie die Informationen herunter, um die Heilung zu unterst\u00fctzen und beste Ergebnisse zu erzielen. Facebook Instagram Tiktok Youtube Pflegehinweise f\u00fcr Ihr Tattoo mit Second Skin Folie Laden Sie diese Anleitung herunter, um alle wichtigen Tipps zur Pflege Ihres [&hellip;]","og_url":"https:\/\/face2facetattoo.de\/hu\/downloadbare-dokumente\/","og_site_name":"Face2Face Tattoo&amp;Piercing Studio","article_publisher":"https:\/\/www.facebook.com\/face2facetattoostudio","article_modified_time":"2025-12-09T19:03:14+00:00","twitter_card":"summary_large_image","twitter_misc":{"Becs\u00fclt olvas\u00e1si id\u0151":"2 perc"},"schema":{"@context":"https:\/\/schema.org","@graph":[{"@type":"WebPage","@id":"https:\/\/face2facetattoo.de\/downloadbare-dokumente\/","url":"https:\/\/face2facetattoo.de\/downloadbare-dokumente\/","name":"Downloadbare Dokumente - Face2Face Tattoo&amp;Piercing Studio","isPartOf":{"@id":"https:\/\/face2facetattoo.de\/#website"},"datePublished":"2025-12-09T18:21:22+00:00","dateModified":"2025-12-09T19:03:14+00:00","breadcrumb":{"@id":"https:\/\/face2facetattoo.de\/downloadbare-dokumente\/#breadcrumb"},"inLanguage":"hu","potentialAction":[{"@type":"ReadAction","target":["https:\/\/face2facetattoo.de\/downloadbare-dokumente\/"]}]},{"@type":"BreadcrumbList","@id":"https:\/\/face2facetattoo.de\/downloadbare-dokumente\/#breadcrumb","itemListElement":[{"@type":"ListItem","position":1,"name":"Kezd\u0151lap","item":"https:\/\/face2facetattoo.de\/"},{"@type":"ListItem","position":2,"name":"Downloadbare Dokumente"}]},{"@type":"WebSite","@id":"https:\/\/face2facetattoo.de\/#website","url":"https:\/\/face2facetattoo.de\/","name":"Face2Face Tattoo&amp;Piercing Studio","description":"Brunswick","potentialAction":[{"@type":"SearchAction","target":{"@type":"EntryPoint","urlTemplate":"https:\/\/face2facetattoo.de\/?s={search_term_string}"},"query-input":{"@type":"PropertyValueSpecification","valueRequired":true,"valueName":"search_term_string"}}],"inLanguage":"hu"}]}},"_links":{"self":[{"href":"https:\/\/face2facetattoo.de\/hu\/wp-json\/wp\/v2\/pages\/6563","targetHints":{"allow":["GET"]}}],"collection":[{"href":"https:\/\/face2facetattoo.de\/hu\/wp-json\/wp\/v2\/pages"}],"about":[{"href":"https:\/\/face2facetattoo.de\/hu\/wp-json\/wp\/v2\/types\/page"}],"author":[{"embeddable":true,"href":"https:\/\/face2facetattoo.de\/hu\/wp-json\/wp\/v2\/users\/1"}],"replies":[{"embeddable":true,"href":"https:\/\/face2facetattoo.de\/hu\/wp-json\/wp\/v2\/comments?post=6563"}],"version-history":[{"count":19,"href":"https:\/\/face2facetattoo.de\/hu\/wp-json\/wp\/v2\/pages\/6563\/revisions"}],"predecessor-version":[{"id":6590,"href":"https:\/\/face2facetattoo.de\/hu\/wp-json\/wp\/v2\/pages\/6563\/revisions\/6590"}],"wp:attachment":[{"href":"https:\/\/face2facetattoo.de\/hu\/wp-json\/wp\/v2\/media?parent=6563"}],"curies":[{"name":"wp","href":"https:\/\/api.w.org\/{rel}","templated":true}]}}