{"id":5719,"date":"2025-07-10T12:41:25","date_gmt":"2025-07-10T12:41:25","guid":{"rendered":"https:\/\/face2facetattoo.de\/?page_id=5719"},"modified":"2026-03-14T16:46:52","modified_gmt":"2026-03-14T16:46:52","slug":"beratungstermin-buchen","status":"publish","type":"page","link":"https:\/\/face2facetattoo.de\/hu\/beratungstermin-buchen\/","title":{"rendered":"Foglaljon konzult\u00e1ci\u00f3s id\u0151pontot"},"content":{"rendered":"\t\t<div data-elementor-type=\"wp-page\" data-elementor-id=\"5719\" class=\"elementor elementor-5719\" data-elementor-post-type=\"page\">\n\t\t\t\t\t\t<section class=\"elementor-section elementor-top-section elementor-element elementor-element-98bb9b8 elementor-section-boxed elementor-section-height-default elementor-section-height-default\" data-id=\"98bb9b8\" data-element_type=\"section\" data-e-type=\"section\" data-settings=\"{&quot;background_background&quot;:&quot;classic&quot;}\">\n\t\t\t\t\t\t\t<div class=\"elementor-background-overlay\"><\/div>\n\t\t\t\t\t\t\t<div class=\"elementor-container elementor-column-gap-default\">\n\t\t\t\t\t<div class=\"elementor-column elementor-col-100 elementor-top-column elementor-element elementor-element-2dcd3e8\" data-id=\"2dcd3e8\" data-element_type=\"column\" data-e-type=\"column\">\n\t\t\t<div class=\"elementor-widget-wrap elementor-element-populated\">\n\t\t\t\t\t\t<div class=\"elementor-element elementor-element-0fe0c57 elementor-widget elementor-widget-heading\" data-id=\"0fe0c57\" data-element_type=\"widget\" data-e-type=\"widget\" data-settings=\"{&quot;_animation&quot;:&quot;none&quot;}\" data-widget_type=\"heading.default\">\n\t\t\t\t<div class=\"elementor-widget-container\">\n\t\t\t\t\t<h1 class=\"elementor-heading-title elementor-size-default\">BERATUNGS -TERMIN BUCHEN <\/h1>\t\t\t\t<\/div>\n\t\t\t\t<\/div>\n\t\t\t\t<div class=\"elementor-element elementor-element-74662ea elementor-widget elementor-widget-text-editor\" data-id=\"74662ea\" data-element_type=\"widget\" data-e-type=\"widget\" data-widget_type=\"text-editor.default\">\n\t\t\t\t<div class=\"elementor-widget-container\">\n\t\t\t\t\t\t\t\t\t<p>Dein Tattoo so individuell wie du selbst! In einem kostenlosen Beratungsgespr\u00e4ch freuen wir uns dar\u00fcber dich und deine Ideen in unserem Studio willkommen zu hei\u00dfen. Gerne helfen wir dir bei der Beratung, Umsetzung und Auswahl deines neuen Tattoos. Nat\u00fcrlich beantworten wir dir auch alle Fragen zum Thema Ablauf, Kosten, auf was du vor &#8211; und nach deinem Termin achten solltest und wann du den n\u00e4chstm\u00f6glichen Termin, bei dem f\u00fcr dich perfekten Artist, bekommst. Dein Traumtattoo wartet schon \u2013 sichere dir jetzt deinen Beratungstermin und lass es Wirklichkeit werden!<\/p>\t\t\t\t\t\t\t\t<\/div>\n\t\t\t\t<\/div>\n\t\t\t\t<div class=\"elementor-element elementor-element-2fef2ca elementor-grid-1 elementor-widget__width-initial elementor-fixed elementor-hidden-mobile elementor-shape-rounded e-grid-align-center elementor-widget elementor-widget-social-icons\" data-id=\"2fef2ca\" data-element_type=\"widget\" data-e-type=\"widget\" data-settings=\"{&quot;_position&quot;:&quot;fixed&quot;}\" data-widget_type=\"social-icons.default\">\n\t\t\t\t<div class=\"elementor-widget-container\">\n\t\t\t\t\t\t\t<div class=\"elementor-social-icons-wrapper elementor-grid\" role=\"list\">\n\t\t\t\t\t\t\t<span class=\"elementor-grid-item\" role=\"listitem\">\n\t\t\t\t\t<a class=\"elementor-icon elementor-social-icon elementor-social-icon-facebook elementor-animation-grow elementor-repeater-item-1824844\" href=\"https:\/\/www.facebook.com\/face2facetattoostudio\" target=\"_blank\">\n\t\t\t\t\t\t<span class=\"elementor-screen-only\">Facebook<\/span>\n\t\t\t\t\t\t<i aria-hidden=\"true\" class=\"fab fa-facebook\"><\/i>\t\t\t\t\t<\/a>\n\t\t\t\t<\/span>\n\t\t\t\t\t\t\t<span class=\"elementor-grid-item\" role=\"listitem\">\n\t\t\t\t\t<a class=\"elementor-icon elementor-social-icon elementor-social-icon-instagram elementor-animation-grow elementor-repeater-item-91d828f\" href=\"https:\/\/www.instagram.com\/face2facetattoostudio\/\" target=\"_blank\">\n\t\t\t\t\t\t<span class=\"elementor-screen-only\">Instagram<\/span>\n\t\t\t\t\t\t<i aria-hidden=\"true\" class=\"fab fa-instagram\"><\/i>\t\t\t\t\t<\/a>\n\t\t\t\t<\/span>\n\t\t\t\t\t\t\t<span class=\"elementor-grid-item\" role=\"listitem\">\n\t\t\t\t\t<a class=\"elementor-icon elementor-social-icon elementor-social-icon-tiktok elementor-animation-grow elementor-repeater-item-1aa65fe\" href=\"https:\/\/tiktok.com\/@face2facetattoostudio\" target=\"_blank\">\n\t\t\t\t\t\t<span class=\"elementor-screen-only\">Tiktok<\/span>\n\t\t\t\t\t\t<i aria-hidden=\"true\" class=\"fab fa-tiktok\"><\/i>\t\t\t\t\t<\/a>\n\t\t\t\t<\/span>\n\t\t\t\t\t\t\t<span class=\"elementor-grid-item\" role=\"listitem\">\n\t\t\t\t\t<a class=\"elementor-icon elementor-social-icon elementor-social-icon-youtube elementor-animation-grow elementor-repeater-item-8b3dcb0\" href=\"https:\/\/www.youtube.com\/@face2facetattoostudio431\" target=\"_blank\">\n\t\t\t\t\t\t<span class=\"elementor-screen-only\">Youtube<\/span>\n\t\t\t\t\t\t<i aria-hidden=\"true\" class=\"fab fa-youtube\"><\/i>\t\t\t\t\t<\/a>\n\t\t\t\t<\/span>\n\t\t\t\t\t<\/div>\n\t\t\t\t\t\t<\/div>\n\t\t\t\t<\/div>\n\t\t\t\t<div class=\"elementor-element elementor-element-65a1211 elementor-widget elementor-widget-stepbooking\" data-id=\"65a1211\" data-element_type=\"widget\" data-e-type=\"widget\" data-widget_type=\"stepbooking.default\">\n\t\t\t\t<div class=\"elementor-widget-container\">\n\t\t\t\t\t\n<script>\n  if (typeof hasAmeliaEntitiesApiCall === 'undefined' && '' === '') {\n    var hasAmeliaEntitiesApiCall = true;\n  }\n  var ameliaShortcodeData = (typeof ameliaShortcodeData === 'undefined') ? [] : ameliaShortcodeData;\n  ameliaShortcodeData.push(\n    {\n      'hasApiCall': (typeof hasAmeliaEntitiesApiCall !== 'undefined') && hasAmeliaEntitiesApiCall,\n      'trigger': '',\n      'show': '',\n      'counter': '1000',\n      'category': '',\n      'service': '',\n      'employee': '',\n      'location': '',\n      'package': ''\n    }\n  );\n  var ameliaShortcodeDataTriggered = (typeof ameliaShortcodeDataTriggered === 'undefined') ? [] : ameliaShortcodeDataTriggered;\n  if (ameliaShortcodeData[ameliaShortcodeData.length - 1].trigger !== '') {\n    ameliaShortcodeDataTriggered.push(ameliaShortcodeData.pop());\n  }\n  if (typeof hasAmeliaEntitiesApiCall !== 'undefined' && hasAmeliaEntitiesApiCall) {\n    hasAmeliaEntitiesApiCall = false;\n  }\n<\/script>\n\n<div id=\"amelia-v2-booking-1000\"\n     class=\"amelia-v2-booking\"\n>\n  <step-form-wrapper><\/step-form-wrapper>\n<\/div>\n\t\t\t\t<\/div>\n\t\t\t\t<\/div>\n\t\t\t\t\t<\/div>\n\t\t<\/div>\n\t\t\t\t\t<\/div>\n\t\t<\/section>\n\t\t\t\t<\/div>\n\t\t","protected":false},"excerpt":{"rendered":"<p>BERATUNGS -TERMIN BUCHEN Dein Tattoo so individuell wie du selbst! In einem kostenlosen Beratungsgespr\u00e4ch freuen wir uns dar\u00fcber dich und deine Ideen in unserem Studio willkommen zu hei\u00dfen. Gerne helfen wir dir bei der Beratung, Umsetzung und Auswahl deines neuen Tattoos. Nat\u00fcrlich beantworten wir dir auch alle Fragen zum Thema Ablauf, Kosten, auf was du [&hellip;]<\/p>\n","protected":false},"author":1,"featured_media":0,"parent":0,"menu_order":0,"comment_status":"closed","ping_status":"closed","template":"elementor_header_footer","meta":{"footnotes":""},"class_list":["post-5719","page","type-page","status-publish","hentry","entry"],"yoast_head":"<!-- This site is optimized with the Yoast SEO plugin v27.1.1 - https:\/\/yoast.com\/product\/yoast-seo-wordpress\/ -->\n<title>Beratungstermin buchen - Face2Face Tattoo&amp;Piercing Studio<\/title>\n<meta name=\"description\" content=\"M\u00f6chtest du ein individuelles Tattoo?In einem Beratungsgespr\u00e4ch besprechen wir deine Vorstellungen, helfen bei der Auswahl von Motiven, Stil und Platzierung. Dieses Gespr\u00e4ch ist auch eine Gelegenheit, deine Fragen zu kl\u00e4ren und den Ablauf, die Kosten sowie m\u00f6gliche Termine zu besprechen.\" \/>\n<meta name=\"robots\" content=\"index, follow, max-snippet:-1, max-image-preview:large, max-video-preview:-1\" \/>\n<link rel=\"canonical\" href=\"https:\/\/face2facetattoo.de\/hu\/beratungstermin-buchen\/\" \/>\n<meta property=\"og:locale\" content=\"hu_HU\" \/>\n<meta property=\"og:type\" content=\"article\" \/>\n<meta property=\"og:title\" content=\"Beratungstermin buchen - Face2Face Tattoo&amp;Piercing Studio\" \/>\n<meta property=\"og:description\" content=\"M\u00f6chtest du ein individuelles Tattoo?In einem Beratungsgespr\u00e4ch besprechen wir deine Vorstellungen, helfen bei der Auswahl von Motiven, Stil und Platzierung. Dieses Gespr\u00e4ch ist auch eine Gelegenheit, deine Fragen zu kl\u00e4ren und den Ablauf, die Kosten sowie m\u00f6gliche Termine zu besprechen.\" \/>\n<meta property=\"og:url\" content=\"https:\/\/face2facetattoo.de\/hu\/beratungstermin-buchen\/\" \/>\n<meta property=\"og:site_name\" content=\"Face2Face Tattoo&amp;Piercing Studio\" \/>\n<meta property=\"article:publisher\" content=\"https:\/\/www.facebook.com\/face2facetattoostudio\" \/>\n<meta property=\"article:modified_time\" content=\"2026-03-14T16:46:52+00:00\" \/>\n<meta name=\"twitter:card\" content=\"summary_large_image\" \/>\n<meta name=\"twitter:label1\" content=\"Becs\u00fclt olvas\u00e1si id\u0151\" \/>\n\t<meta name=\"twitter:data1\" content=\"1 perc\" \/>\n<script type=\"application\/ld+json\" class=\"yoast-schema-graph\">{\"@context\":\"https:\/\/schema.org\",\"@graph\":[{\"@type\":\"WebPage\",\"@id\":\"https:\/\/face2facetattoo.de\/beratungstermin-buchen\/\",\"url\":\"https:\/\/face2facetattoo.de\/beratungstermin-buchen\/\",\"name\":\"Beratungstermin buchen - Face2Face Tattoo&amp;Piercing Studio\",\"isPartOf\":{\"@id\":\"https:\/\/face2facetattoo.de\/#website\"},\"datePublished\":\"2025-07-10T12:41:25+00:00\",\"dateModified\":\"2026-03-14T16:46:52+00:00\",\"description\":\"M\u00f6chtest du ein individuelles Tattoo?In einem Beratungsgespr\u00e4ch besprechen wir deine Vorstellungen, helfen bei der Auswahl von Motiven, Stil und Platzierung. Dieses Gespr\u00e4ch ist auch eine Gelegenheit, deine Fragen zu kl\u00e4ren und den Ablauf, die Kosten sowie m\u00f6gliche Termine zu besprechen.\",\"breadcrumb\":{\"@id\":\"https:\/\/face2facetattoo.de\/beratungstermin-buchen\/#breadcrumb\"},\"inLanguage\":\"hu\",\"potentialAction\":[{\"@type\":\"ReadAction\",\"target\":[\"https:\/\/face2facetattoo.de\/beratungstermin-buchen\/\"]}]},{\"@type\":\"BreadcrumbList\",\"@id\":\"https:\/\/face2facetattoo.de\/beratungstermin-buchen\/#breadcrumb\",\"itemListElement\":[{\"@type\":\"ListItem\",\"position\":1,\"name\":\"Kezd\u0151lap\",\"item\":\"https:\/\/face2facetattoo.de\/\"},{\"@type\":\"ListItem\",\"position\":2,\"name\":\"Beratungstermin buchen\"}]},{\"@type\":\"WebSite\",\"@id\":\"https:\/\/face2facetattoo.de\/#website\",\"url\":\"https:\/\/face2facetattoo.de\/\",\"name\":\"Face2Face Tattoo&amp;Piercing Studio\",\"description\":\"Braunschweig\",\"potentialAction\":[{\"@type\":\"SearchAction\",\"target\":{\"@type\":\"EntryPoint\",\"urlTemplate\":\"https:\/\/face2facetattoo.de\/?s={search_term_string}\"},\"query-input\":{\"@type\":\"PropertyValueSpecification\",\"valueRequired\":true,\"valueName\":\"search_term_string\"}}],\"inLanguage\":\"hu\"}]}<\/script>\n<!-- \/ Yoast SEO plugin. -->","yoast_head_json":{"title":"Beratungstermin buchen - Face2Face Tattoo&amp;Piercing Studio","description":"M\u00f6chtest du ein individuelles Tattoo?In einem Beratungsgespr\u00e4ch besprechen wir deine Vorstellungen, helfen bei der Auswahl von Motiven, Stil und Platzierung. Dieses Gespr\u00e4ch ist auch eine Gelegenheit, deine Fragen zu kl\u00e4ren und den Ablauf, die Kosten sowie m\u00f6gliche Termine zu besprechen.","robots":{"index":"index","follow":"follow","max-snippet":"max-snippet:-1","max-image-preview":"max-image-preview:large","max-video-preview":"max-video-preview:-1"},"canonical":"https:\/\/face2facetattoo.de\/hu\/beratungstermin-buchen\/","og_locale":"hu_HU","og_type":"article","og_title":"Beratungstermin buchen - Face2Face Tattoo&amp;Piercing Studio","og_description":"M\u00f6chtest du ein individuelles Tattoo?In einem Beratungsgespr\u00e4ch besprechen wir deine Vorstellungen, helfen bei der Auswahl von Motiven, Stil und Platzierung. Dieses Gespr\u00e4ch ist auch eine Gelegenheit, deine Fragen zu kl\u00e4ren und den Ablauf, die Kosten sowie m\u00f6gliche Termine zu besprechen.","og_url":"https:\/\/face2facetattoo.de\/hu\/beratungstermin-buchen\/","og_site_name":"Face2Face Tattoo&amp;Piercing Studio","article_publisher":"https:\/\/www.facebook.com\/face2facetattoostudio","article_modified_time":"2026-03-14T16:46:52+00:00","twitter_card":"summary_large_image","twitter_misc":{"Becs\u00fclt olvas\u00e1si id\u0151":"1 perc"},"schema":{"@context":"https:\/\/schema.org","@graph":[{"@type":"WebPage","@id":"https:\/\/face2facetattoo.de\/beratungstermin-buchen\/","url":"https:\/\/face2facetattoo.de\/beratungstermin-buchen\/","name":"Beratungstermin buchen - Face2Face Tattoo&amp;Piercing Studio","isPartOf":{"@id":"https:\/\/face2facetattoo.de\/#website"},"datePublished":"2025-07-10T12:41:25+00:00","dateModified":"2026-03-14T16:46:52+00:00","description":"M\u00f6chtest du ein individuelles Tattoo?In einem Beratungsgespr\u00e4ch besprechen wir deine Vorstellungen, helfen bei der Auswahl von Motiven, Stil und Platzierung. Dieses Gespr\u00e4ch ist auch eine Gelegenheit, deine Fragen zu kl\u00e4ren und den Ablauf, die Kosten sowie m\u00f6gliche Termine zu besprechen.","breadcrumb":{"@id":"https:\/\/face2facetattoo.de\/beratungstermin-buchen\/#breadcrumb"},"inLanguage":"hu","potentialAction":[{"@type":"ReadAction","target":["https:\/\/face2facetattoo.de\/beratungstermin-buchen\/"]}]},{"@type":"BreadcrumbList","@id":"https:\/\/face2facetattoo.de\/beratungstermin-buchen\/#breadcrumb","itemListElement":[{"@type":"ListItem","position":1,"name":"Kezd\u0151lap","item":"https:\/\/face2facetattoo.de\/"},{"@type":"ListItem","position":2,"name":"Beratungstermin buchen"}]},{"@type":"WebSite","@id":"https:\/\/face2facetattoo.de\/#website","url":"https:\/\/face2facetattoo.de\/","name":"Face2Face Tattoo&amp;Piercing Studio","description":"Brunswick","potentialAction":[{"@type":"SearchAction","target":{"@type":"EntryPoint","urlTemplate":"https:\/\/face2facetattoo.de\/?s={search_term_string}"},"query-input":{"@type":"PropertyValueSpecification","valueRequired":true,"valueName":"search_term_string"}}],"inLanguage":"hu"}]}},"_links":{"self":[{"href":"https:\/\/face2facetattoo.de\/hu\/wp-json\/wp\/v2\/pages\/5719","targetHints":{"allow":["GET"]}}],"collection":[{"href":"https:\/\/face2facetattoo.de\/hu\/wp-json\/wp\/v2\/pages"}],"about":[{"href":"https:\/\/face2facetattoo.de\/hu\/wp-json\/wp\/v2\/types\/page"}],"author":[{"embeddable":true,"href":"https:\/\/face2facetattoo.de\/hu\/wp-json\/wp\/v2\/users\/1"}],"replies":[{"embeddable":true,"href":"https:\/\/face2facetattoo.de\/hu\/wp-json\/wp\/v2\/comments?post=5719"}],"version-history":[{"count":64,"href":"https:\/\/face2facetattoo.de\/hu\/wp-json\/wp\/v2\/pages\/5719\/revisions"}],"predecessor-version":[{"id":7348,"href":"https:\/\/face2facetattoo.de\/hu\/wp-json\/wp\/v2\/pages\/5719\/revisions\/7348"}],"wp:attachment":[{"href":"https:\/\/face2facetattoo.de\/hu\/wp-json\/wp\/v2\/media?parent=5719"}],"curies":[{"name":"wp","href":"https:\/\/api.w.org\/{rel}","templated":true}]}}