{"id":2987,"date":"2022-12-08T16:37:42","date_gmt":"2022-12-08T16:37:42","guid":{"rendered":"https:\/\/face2facetattoo.de\/?page_id=2987"},"modified":"2025-05-07T06:33:55","modified_gmt":"2025-05-07T06:33:55","slug":"danke","status":"publish","type":"page","link":"https:\/\/face2facetattoo.de\/hu\/danke\/","title":{"rendered":"K\u00f6sz\u00f6n\u00f6m."},"content":{"rendered":"<div data-elementor-type=\"wp-page\" data-elementor-id=\"2987\" class=\"elementor elementor-2987\" data-elementor-post-type=\"page\">\n\t\t\t\t\t\t<section class=\"elementor-section elementor-top-section elementor-element elementor-element-1028e15 elementor-section-full_width elementor-section-height-min-height elementor-section-stretched elementor-section-height-default elementor-section-items-middle\" data-id=\"1028e15\" data-element_type=\"section\" data-e-type=\"section\" data-settings=\"{&quot;background_background&quot;:&quot;classic&quot;,&quot;stretch_section&quot;:&quot;section-stretched&quot;}\">\n\t\t\t\t\t\t\t<div class=\"elementor-background-overlay\"><\/div>\n\t\t\t\t\t\t\t<div class=\"elementor-container elementor-column-gap-no\">\n\t\t\t\t\t<div class=\"elementor-column elementor-col-100 elementor-top-column elementor-element elementor-element-06739b0\" data-id=\"06739b0\" data-element_type=\"column\" data-e-type=\"column\">\n\t\t\t<div class=\"elementor-widget-wrap elementor-element-populated\">\n\t\t\t\t\t\t<section class=\"elementor-section elementor-inner-section elementor-element elementor-element-4f36f27 elementor-section-boxed elementor-section-height-default elementor-section-height-default\" data-id=\"4f36f27\" data-element_type=\"section\" data-e-type=\"section\">\n\t\t\t\t\t\t<div class=\"elementor-container elementor-column-gap-no\">\n\t\t\t\t\t<div class=\"elementor-column elementor-col-100 elementor-inner-column elementor-element elementor-element-79cdbd9\" data-id=\"79cdbd9\" data-element_type=\"column\" data-e-type=\"column\">\n\t\t\t<div class=\"elementor-widget-wrap elementor-element-populated\">\n\t\t\t\t\t\t<div class=\"elementor-element elementor-element-b22dbaa elementor-view-default elementor-widget elementor-widget-icon\" data-id=\"b22dbaa\" data-element_type=\"widget\" data-e-type=\"widget\" data-widget_type=\"icon.default\">\n\t\t\t\t<div class=\"elementor-widget-container\">\n\t\t\t\t\t\t\t<div class=\"elementor-icon-wrapper\">\n\t\t\t<div class=\"elementor-icon\">\n\t\t\t<i aria-hidden=\"true\" class=\"fas fa-check-circle\"><\/i>\t\t\t<\/div>\n\t\t<\/div>\n\t\t\t\t\t\t<\/div>\n\t\t\t\t<\/div>\n\t\t\t\t<div class=\"elementor-element elementor-element-bccf0b2 elementor-widget elementor-widget-heading\" data-id=\"bccf0b2\" data-element_type=\"widget\" data-e-type=\"widget\" data-widget_type=\"heading.default\">\n\t\t\t\t<div class=\"elementor-widget-container\">\n\t\t\t\t\t<h3 class=\"elementor-heading-title elementor-size-default\">K\u00f6sz\u00f6n\u00f6m sz\u00e9pen,\nMegkaptuk az aj\u00e1nlatk\u00e9r\u00e9s\u00e9t<\/h3>\t\t\t\t<\/div>\n\t\t\t\t<\/div>\n\t\t\t\t<div class=\"elementor-element elementor-element-1bf5def elementor-widget elementor-widget-heading\" data-id=\"1bf5def\" data-element_type=\"widget\" data-e-type=\"widget\" data-widget_type=\"heading.default\">\n\t\t\t\t<div class=\"elementor-widget-container\">\n\t\t\t\t\t<h2 class=\"elementor-heading-title elementor-size-default\">Hamarosan felvessz\u00fck \u00d6nnel a kapcsolatot.<\/h2>\t\t\t\t<\/div>\n\t\t\t\t<\/div>\n\t\t\t\t<div class=\"elementor-element elementor-element-7ccdb89 elementor-align-center elementor-widget__width-inherit elementor-mobile-align-center elementor-widget elementor-widget-button\" data-id=\"7ccdb89\" data-element_type=\"widget\" data-e-type=\"widget\" data-widget_type=\"button.default\">\n\t\t\t\t<div class=\"elementor-widget-container\">\n\t\t\t\t\t\t\t\t\t<div class=\"elementor-button-wrapper\">\n\t\t\t\t\t<a class=\"elementor-button elementor-button-link elementor-size-sm elementor-animation-grow-rotate\" href=\"https:\/\/face2facetattoo.de\/hu\/\">\n\t\t\t\t\t\t<span class=\"elementor-button-content-wrapper\">\n\t\t\t\t\t\t<span class=\"elementor-button-icon\">\n\t\t\t\t<i aria-hidden=\"true\" class=\"fas fa-long-arrow-alt-left\"><\/i>\t\t\t<\/span>\n\t\t\t\t\t\t\t\t\t<span class=\"elementor-button-text\">Vissza a f\u0151oldalra<\/span>\n\t\t\t\t\t<\/span>\n\t\t\t\t\t<\/a>\n\t\t\t\t<\/div>\n\t\t\t\t\t\t\t\t<\/div>\n\t\t\t\t<\/div>\n\t\t\t\t\t<\/div>\n\t\t<\/div>\n\t\t\t\t\t<\/div>\n\t\t<\/section>\n\t\t\t\t\t<\/div>\n\t\t<\/div>\n\t\t\t\t\t<\/div>\n\t\t<\/section>\n\t\t\t\t<\/div>","protected":false},"excerpt":{"rendered":"<p>K\u00f6sz\u00f6nj\u00fck, megkaptuk az \u00e1raj\u00e1nlatk\u00e9r\u00e9s\u00e9t Hamarosan felvessz\u00fck \u00d6nnel a kapcsolatot. Vissza a f\u0151oldalra<\/p>","protected":false},"author":1,"featured_media":0,"parent":0,"menu_order":0,"comment_status":"closed","ping_status":"closed","template":"elementor_header_footer","meta":{"footnotes":""},"class_list":["post-2987","page","type-page","status-publish","hentry","entry"],"yoast_head":"<!-- This site is optimized with the Yoast SEO plugin v27.1.1 - https:\/\/yoast.com\/product\/yoast-seo-wordpress\/ -->\n<title>Danke - Face2Face Tattoo&amp;Piercing Studio<\/title>\n<meta name=\"robots\" content=\"index, follow, max-snippet:-1, max-image-preview:large, max-video-preview:-1\" \/>\n<link rel=\"canonical\" href=\"https:\/\/face2facetattoo.de\/hu\/danke\/\" \/>\n<meta property=\"og:locale\" content=\"hu_HU\" \/>\n<meta property=\"og:type\" content=\"article\" \/>\n<meta property=\"og:title\" content=\"Danke - Face2Face Tattoo&amp;Piercing Studio\" \/>\n<meta property=\"og:description\" content=\"Vielen Dank, wir haben Ihre Angebotsanfrage erhalten Wir werden Sie bald kontaktieren. Zur\u00fcck zur Hauptseite\" \/>\n<meta property=\"og:url\" content=\"https:\/\/face2facetattoo.de\/hu\/danke\/\" \/>\n<meta property=\"og:site_name\" content=\"Face2Face Tattoo&amp;Piercing Studio\" \/>\n<meta property=\"article:publisher\" content=\"https:\/\/www.facebook.com\/face2facetattoostudio\" \/>\n<meta property=\"article:modified_time\" content=\"2025-05-07T06:33:55+00:00\" \/>\n<meta name=\"twitter:card\" content=\"summary_large_image\" \/>\n<meta name=\"twitter:label1\" content=\"Becs\u00fclt olvas\u00e1si id\u0151\" \/>\n\t<meta name=\"twitter:data1\" content=\"1 perc\" \/>\n<script type=\"application\/ld+json\" class=\"yoast-schema-graph\">{\"@context\":\"https:\/\/schema.org\",\"@graph\":[{\"@type\":\"WebPage\",\"@id\":\"https:\/\/face2facetattoo.de\/danke\/\",\"url\":\"https:\/\/face2facetattoo.de\/danke\/\",\"name\":\"Danke - Face2Face Tattoo&amp;Piercing Studio\",\"isPartOf\":{\"@id\":\"https:\/\/face2facetattoo.de\/#website\"},\"datePublished\":\"2022-12-08T16:37:42+00:00\",\"dateModified\":\"2025-05-07T06:33:55+00:00\",\"breadcrumb\":{\"@id\":\"https:\/\/face2facetattoo.de\/danke\/#breadcrumb\"},\"inLanguage\":\"hu\",\"potentialAction\":[{\"@type\":\"ReadAction\",\"target\":[\"https:\/\/face2facetattoo.de\/danke\/\"]}]},{\"@type\":\"BreadcrumbList\",\"@id\":\"https:\/\/face2facetattoo.de\/danke\/#breadcrumb\",\"itemListElement\":[{\"@type\":\"ListItem\",\"position\":1,\"name\":\"Kezd\u0151lap\",\"item\":\"https:\/\/face2facetattoo.de\/\"},{\"@type\":\"ListItem\",\"position\":2,\"name\":\"Danke\"}]},{\"@type\":\"WebSite\",\"@id\":\"https:\/\/face2facetattoo.de\/#website\",\"url\":\"https:\/\/face2facetattoo.de\/\",\"name\":\"Face2Face Tattoo&amp;Piercing Studio\",\"description\":\"Braunschweig\",\"potentialAction\":[{\"@type\":\"SearchAction\",\"target\":{\"@type\":\"EntryPoint\",\"urlTemplate\":\"https:\/\/face2facetattoo.de\/?s={search_term_string}\"},\"query-input\":{\"@type\":\"PropertyValueSpecification\",\"valueRequired\":true,\"valueName\":\"search_term_string\"}}],\"inLanguage\":\"hu\"}]}<\/script>\n<!-- \/ Yoast SEO plugin. -->","yoast_head_json":{"title":"Danke - Face2Face Tattoo&amp;Piercing Studio","robots":{"index":"index","follow":"follow","max-snippet":"max-snippet:-1","max-image-preview":"max-image-preview:large","max-video-preview":"max-video-preview:-1"},"canonical":"https:\/\/face2facetattoo.de\/hu\/danke\/","og_locale":"hu_HU","og_type":"article","og_title":"Danke - Face2Face Tattoo&amp;Piercing Studio","og_description":"Vielen Dank, wir haben Ihre Angebotsanfrage erhalten Wir werden Sie bald kontaktieren. Zur\u00fcck zur Hauptseite","og_url":"https:\/\/face2facetattoo.de\/hu\/danke\/","og_site_name":"Face2Face Tattoo&amp;Piercing Studio","article_publisher":"https:\/\/www.facebook.com\/face2facetattoostudio","article_modified_time":"2025-05-07T06:33:55+00:00","twitter_card":"summary_large_image","twitter_misc":{"Becs\u00fclt olvas\u00e1si id\u0151":"1 perc"},"schema":{"@context":"https:\/\/schema.org","@graph":[{"@type":"WebPage","@id":"https:\/\/face2facetattoo.de\/danke\/","url":"https:\/\/face2facetattoo.de\/danke\/","name":"Danke - Face2Face Tattoo&amp;Piercing Studio","isPartOf":{"@id":"https:\/\/face2facetattoo.de\/#website"},"datePublished":"2022-12-08T16:37:42+00:00","dateModified":"2025-05-07T06:33:55+00:00","breadcrumb":{"@id":"https:\/\/face2facetattoo.de\/danke\/#breadcrumb"},"inLanguage":"hu","potentialAction":[{"@type":"ReadAction","target":["https:\/\/face2facetattoo.de\/danke\/"]}]},{"@type":"BreadcrumbList","@id":"https:\/\/face2facetattoo.de\/danke\/#breadcrumb","itemListElement":[{"@type":"ListItem","position":1,"name":"Kezd\u0151lap","item":"https:\/\/face2facetattoo.de\/"},{"@type":"ListItem","position":2,"name":"Danke"}]},{"@type":"WebSite","@id":"https:\/\/face2facetattoo.de\/#website","url":"https:\/\/face2facetattoo.de\/","name":"Face2Face Tattoo&amp;Piercing Studio","description":"Brunswick","potentialAction":[{"@type":"SearchAction","target":{"@type":"EntryPoint","urlTemplate":"https:\/\/face2facetattoo.de\/?s={search_term_string}"},"query-input":{"@type":"PropertyValueSpecification","valueRequired":true,"valueName":"search_term_string"}}],"inLanguage":"hu"}]}},"_links":{"self":[{"href":"https:\/\/face2facetattoo.de\/hu\/wp-json\/wp\/v2\/pages\/2987","targetHints":{"allow":["GET"]}}],"collection":[{"href":"https:\/\/face2facetattoo.de\/hu\/wp-json\/wp\/v2\/pages"}],"about":[{"href":"https:\/\/face2facetattoo.de\/hu\/wp-json\/wp\/v2\/types\/page"}],"author":[{"embeddable":true,"href":"https:\/\/face2facetattoo.de\/hu\/wp-json\/wp\/v2\/users\/1"}],"replies":[{"embeddable":true,"href":"https:\/\/face2facetattoo.de\/hu\/wp-json\/wp\/v2\/comments?post=2987"}],"version-history":[{"count":3,"href":"https:\/\/face2facetattoo.de\/hu\/wp-json\/wp\/v2\/pages\/2987\/revisions"}],"predecessor-version":[{"id":5660,"href":"https:\/\/face2facetattoo.de\/hu\/wp-json\/wp\/v2\/pages\/2987\/revisions\/5660"}],"wp:attachment":[{"href":"https:\/\/face2facetattoo.de\/hu\/wp-json\/wp\/v2\/media?parent=2987"}],"curies":[{"name":"wp","href":"https:\/\/api.w.org\/{rel}","templated":true}]}}