{"id":1952,"date":"2021-07-26T16:59:17","date_gmt":"2021-07-26T16:59:17","guid":{"rendered":"https:\/\/face2facetattoo.de\/?page_id=1952"},"modified":"2025-07-29T10:58:59","modified_gmt":"2025-07-29T10:58:59","slug":"impressum","status":"publish","type":"page","link":"https:\/\/face2facetattoo.de\/hu\/impressum\/","title":{"rendered":"Impresszum"},"content":{"rendered":"<div data-elementor-type=\"wp-page\" data-elementor-id=\"1952\" class=\"elementor elementor-1952\" data-elementor-post-type=\"page\">\n\t\t\t\t\t\t<section class=\"elementor-section elementor-top-section elementor-element elementor-element-cf0bb43 elementor-section-full_width elementor-section-height-min-height elementor-section-stretched elementor-section-height-default elementor-section-items-middle\" data-id=\"cf0bb43\" data-element_type=\"section\" data-e-type=\"section\" data-settings=\"{&quot;background_background&quot;:&quot;classic&quot;,&quot;stretch_section&quot;:&quot;section-stretched&quot;}\">\n\t\t\t\t\t\t\t<div class=\"elementor-background-overlay\"><\/div>\n\t\t\t\t\t\t\t<div class=\"elementor-container elementor-column-gap-no\">\n\t\t\t\t\t<div class=\"elementor-column elementor-col-100 elementor-top-column elementor-element elementor-element-08d3983\" data-id=\"08d3983\" data-element_type=\"column\" data-e-type=\"column\">\n\t\t\t<div class=\"elementor-widget-wrap elementor-element-populated\">\n\t\t\t\t\t\t<section class=\"elementor-section elementor-inner-section elementor-element elementor-element-660d1d4 elementor-section-boxed elementor-section-height-default elementor-section-height-default\" data-id=\"660d1d4\" data-element_type=\"section\" data-e-type=\"section\">\n\t\t\t\t\t\t<div class=\"elementor-container elementor-column-gap-no\">\n\t\t\t\t\t<div class=\"elementor-column elementor-col-100 elementor-inner-column elementor-element elementor-element-a26b33d\" data-id=\"a26b33d\" data-element_type=\"column\" data-e-type=\"column\">\n\t\t\t<div class=\"elementor-widget-wrap elementor-element-populated\">\n\t\t\t\t\t\t<div class=\"elementor-element elementor-element-d2c6d95 elementor-widget elementor-widget-heading\" data-id=\"d2c6d95\" data-element_type=\"widget\" data-e-type=\"widget\" data-widget_type=\"heading.default\">\n\t\t\t\t<div class=\"elementor-widget-container\">\n\t\t\t\t\t<h2 class=\"elementor-heading-title elementor-size-default\">Impresszum<\/h2>\t\t\t\t<\/div>\n\t\t\t\t<\/div>\n\t\t\t\t\t<\/div>\n\t\t<\/div>\n\t\t\t\t\t<\/div>\n\t\t<\/section>\n\t\t\t\t\t<\/div>\n\t\t<\/div>\n\t\t\t\t\t<\/div>\n\t\t<\/section>\n\t\t\t\t<section class=\"elementor-section elementor-top-section elementor-element elementor-element-1f5d467 elementor-section-stretched elementor-section-boxed elementor-section-height-default elementor-section-height-default\" data-id=\"1f5d467\" data-element_type=\"section\" data-e-type=\"section\" data-settings=\"{&quot;stretch_section&quot;:&quot;section-stretched&quot;}\">\n\t\t\t\t\t\t<div class=\"elementor-container elementor-column-gap-default\">\n\t\t\t\t\t<div class=\"elementor-column elementor-col-100 elementor-top-column elementor-element elementor-element-4241e1b\" data-id=\"4241e1b\" data-element_type=\"column\" data-e-type=\"column\">\n\t\t\t<div class=\"elementor-widget-wrap elementor-element-populated\">\n\t\t\t\t\t\t<div class=\"elementor-element elementor-element-0c06e1f elementor-widget elementor-widget-text-editor\" data-id=\"0c06e1f\" data-element_type=\"widget\" data-e-type=\"widget\" data-widget_type=\"text-editor.default\">\n\t\t\t\t<div class=\"elementor-widget-container\">\n\t\t\t\t\t\t\t\t\t<h1>IMPRINT<\/h1><h2>AZ 5 TM \u00a7 SZERINTI K\u00d6ZZ\u00c9T\u00c9TELEK<\/h2><p>Horv\u00e1th J\u00f3zsef<br \/>Face2face - Tetov\u00e1l\u00f3 st\u00fadi\u00f3<br \/>Malerweg 15, 38126 Braunschweig<\/p><h2>KAPCSOLAT<\/h2><p>Telefon: +49 179 4375704<br \/>E-mail: info@face2facetattoo.de<\/p><p>Nem vagyunk hajland\u00f3ak vagy k\u00f6telesek r\u00e9szt venni a fogyaszt\u00f3i d\u00f6nt\u0151bizotts\u00e1g el\u0151tti vitarendez\u00e9si elj\u00e1r\u00e1sban.<\/p><h3>FELEL\u0150SS\u00c9G A TARTALOM\u00c9RT<\/h3><p>Szolg\u00e1ltat\u00f3k\u00e9nt a TMG (n\u00e9met telem\u00e9diat\u00f6rv\u00e9ny) 7. szakasz\u00e1nak (1) bekezd\u00e9se \u00e9s az \u00e1ltal\u00e1nos jogszab\u00e1lyok \u00e9rtelm\u00e9ben felel\u0151sek vagyunk az ezeken az oldalakon tal\u00e1lhat\u00f3 saj\u00e1t tartalmak\u00e9rt. A TMG 8-10. \u00a7-ai szerint azonban szolg\u00e1ltat\u00f3k\u00e9nt nem vagyunk k\u00f6telesek a tov\u00e1bb\u00edtott vagy t\u00e1rolt, harmadik f\u00e9lt\u0151l sz\u00e1rmaz\u00f3 inform\u00e1ci\u00f3kat ellen\u0151rizni, illetve a jogellenes tev\u00e9kenys\u00e9gre utal\u00f3 k\u00f6r\u00fclm\u00e9nyeket kivizsg\u00e1lni.<\/p><p>Ez nem \u00e9rinti az inform\u00e1ci\u00f3k elt\u00e1vol\u00edt\u00e1s\u00e1ra vagy felhaszn\u00e1l\u00e1s\u00e1nak megakad\u00e1lyoz\u00e1s\u00e1ra vonatkoz\u00f3, az \u00e1ltal\u00e1nos jogszab\u00e1lyoknak megfelel\u0151 k\u00f6telezetts\u00e9geket. Az ezzel kapcsolatos felel\u0151ss\u00e9gre von\u00e1s azonban csak att\u00f3l az id\u0151pontt\u00f3l kezdve lehets\u00e9ges, amikor a konkr\u00e9t jogs\u00e9rt\u00e9sr\u0151l tudom\u00e1st szerezt\u00fcnk. Amint tudom\u00e1st szerz\u00fcnk az ilyen jogs\u00e9rt\u00e9sekr\u0151l, azonnal elt\u00e1vol\u00edtjuk ezt a tartalmat.<\/p><h3>FELEL\u0150SS\u00c9G A LINKEK\u00c9RT<\/h3><p>Weboldalunk k\u00fcls\u0151, harmadik felek weboldalaira mutat\u00f3 linkeket tartalmaz, amelyek tartalm\u00e1ra nincs befoly\u00e1sunk. Ez\u00e9rt nem tudunk felel\u0151ss\u00e9get v\u00e1llalni ezek\u00e9rt a harmadik f\u00e9lt\u0151l sz\u00e1rmaz\u00f3 tartalmak\u00e9rt. A hivatkozott oldalak tartalm\u00e1\u00e9rt mindig a mindenkori szolg\u00e1ltat\u00f3 vagy az oldalak \u00fczemeltet\u0151je felel\u0151s. A linkelt oldalakat a linkel\u00e9s id\u0151pontj\u00e1ban ellen\u0151rizt\u00fck az esetleges t\u00f6rv\u00e9nys\u00e9rt\u00e9sek szempontj\u00e1b\u00f3l. Jogellenes tartalmak a linkel\u00e9s id\u0151pontj\u00e1ban nem voltak felismerhet\u0151k.<\/p><p>A hivatkozott oldalak tartalm\u00e1nak \u00e1lland\u00f3 ellen\u0151rz\u00e9se azonban nem \u00e9sszer\u0171 a jogs\u00e9rt\u00e9s konkr\u00e9t bizony\u00edt\u00e9ka n\u00e9lk\u00fcl. Amennyiben jogszab\u00e1lys\u00e9rt\u00e9sr\u0151l szerez\u00fcnk tudom\u00e1st, azonnal elt\u00e1vol\u00edtjuk az ilyen linkeket.<\/p><h3>COPYRIGHT<\/h3><p>Az oldal \u00fczemeltet\u0151i \u00e1ltal ezen oldalakon l\u00e9trehozott tartalmak \u00e9s m\u0171vek a n\u00e9met szerz\u0151i jog hat\u00e1lya al\u00e1 tartoznak. A sokszoros\u00edt\u00e1s, feldolgoz\u00e1s, terjeszt\u00e9s \u00e9s a szerz\u0151i jogi korl\u00e1tokon k\u00edv\u00fcli b\u00e1rmilyen felhaszn\u00e1l\u00e1s csak az adott szerz\u0151 vagy alkot\u00f3 \u00edr\u00e1sbeli hozz\u00e1j\u00e1rul\u00e1s\u00e1val lehets\u00e9ges. Az oldal let\u00f6lt\u00e9se \u00e9s m\u00e1sol\u00e1sa kiz\u00e1r\u00f3lag mag\u00e1njelleg\u0171, nem kereskedelmi c\u00e9l\u00fa felhaszn\u00e1l\u00e1sra enged\u00e9lyezett.<\/p><p>Amennyiben az ezen az oldalon tal\u00e1lhat\u00f3 tartalom nem az \u00fczemeltet\u0151 \u00e1ltal k\u00e9sz\u00fclt, a harmadik felek szerz\u0151i jogait tiszteletben tartjuk. K\u00fcl\u00f6n\u00f6sen a harmadik f\u00e9lt\u0151l sz\u00e1rmaz\u00f3 tartalmakat jel\u00f6lik meg. Amennyiben m\u00e9gis tudom\u00e1s\u00e1ra jutna, hogy a szerz\u0151i jogokat megs\u00e9rtett\u00e9k, k\u00e9rj\u00fck, t\u00e1j\u00e9koztasson minket err\u0151l. Amennyiben jogs\u00e9rt\u00e9sr\u0151l szerez\u00fcnk tudom\u00e1st, azonnal elt\u00e1vol\u00edtjuk az ilyen tartalmakat.<\/p>\t\t\t\t\t\t\t\t<\/div>\n\t\t\t\t<\/div>\n\t\t\t\t\t<\/div>\n\t\t<\/div>\n\t\t\t\t\t<\/div>\n\t\t<\/section>\n\t\t\t\t<\/div>","protected":false},"excerpt":{"rendered":"<p>Impressum IMPRESSUM ANGABEN GEM\u00c4SS \u00a7 5 TM J\u00f3zsef Horv\u00e1thFace2face \u2013 Tattoo studioMalerweg 15, 38126 Braunschweig KONTAKT Telefon: +49 179 4375704E-Mail: info@face2facetattoo.de Wir sind nicht bereit oder verpflichtet, an Streitbeilegungsverfahren vor einer Verbraucherschlichtungsstelle teilzunehmen. HAFTUNG F\u00dcR INHALTE Als Diensteanbieter sind wir gem\u00e4\u00df \u00a7 7 Abs.1 TMG f\u00fcr eigene Inhalte auf diesen Seiten nach den allgemeinen Gesetzen [&hellip;]<\/p>\n","protected":false},"author":1,"featured_media":0,"parent":0,"menu_order":0,"comment_status":"closed","ping_status":"closed","template":"elementor_header_footer","meta":{"footnotes":""},"class_list":["post-1952","page","type-page","status-publish","hentry","entry"],"yoast_head":"<!-- This site is optimized with the Yoast SEO plugin v27.1.1 - https:\/\/yoast.com\/product\/yoast-seo-wordpress\/ -->\n<title>Impressum - Face2Face Tattoo&amp;Piercing Studio<\/title>\n<meta name=\"robots\" content=\"index, follow, max-snippet:-1, max-image-preview:large, max-video-preview:-1\" \/>\n<link rel=\"canonical\" href=\"https:\/\/face2facetattoo.de\/hu\/impressum\/\" \/>\n<meta property=\"og:locale\" content=\"hu_HU\" \/>\n<meta property=\"og:type\" content=\"article\" \/>\n<meta property=\"og:title\" content=\"Impressum - Face2Face Tattoo&amp;Piercing Studio\" \/>\n<meta property=\"og:description\" content=\"Impressum IMPRESSUM ANGABEN GEM\u00c4SS \u00a7 5 TM J\u00f3zsef Horv\u00e1thFace2face \u2013 Tattoo studioMalerweg 15, 38126 Braunschweig KONTAKT Telefon: +49 179 4375704E-Mail: info@face2facetattoo.de Wir sind nicht bereit oder verpflichtet, an Streitbeilegungsverfahren vor einer Verbraucherschlichtungsstelle teilzunehmen. HAFTUNG F\u00dcR INHALTE Als Diensteanbieter sind wir gem\u00e4\u00df \u00a7 7 Abs.1 TMG f\u00fcr eigene Inhalte auf diesen Seiten nach den allgemeinen Gesetzen [&hellip;]\" \/>\n<meta property=\"og:url\" content=\"https:\/\/face2facetattoo.de\/hu\/impressum\/\" \/>\n<meta property=\"og:site_name\" content=\"Face2Face Tattoo&amp;Piercing Studio\" \/>\n<meta property=\"article:publisher\" content=\"https:\/\/www.facebook.com\/face2facetattoostudio\" \/>\n<meta property=\"article:modified_time\" content=\"2025-07-29T10:58:59+00:00\" \/>\n<meta name=\"twitter:card\" content=\"summary_large_image\" \/>\n<meta name=\"twitter:label1\" content=\"Becs\u00fclt olvas\u00e1si id\u0151\" \/>\n\t<meta name=\"twitter:data1\" content=\"2 perc\" \/>\n<script type=\"application\/ld+json\" class=\"yoast-schema-graph\">{\"@context\":\"https:\/\/schema.org\",\"@graph\":[{\"@type\":\"WebPage\",\"@id\":\"https:\/\/face2facetattoo.de\/impressum\/\",\"url\":\"https:\/\/face2facetattoo.de\/impressum\/\",\"name\":\"Impressum - Face2Face Tattoo&amp;Piercing Studio\",\"isPartOf\":{\"@id\":\"https:\/\/face2facetattoo.de\/#website\"},\"datePublished\":\"2021-07-26T16:59:17+00:00\",\"dateModified\":\"2025-07-29T10:58:59+00:00\",\"breadcrumb\":{\"@id\":\"https:\/\/face2facetattoo.de\/impressum\/#breadcrumb\"},\"inLanguage\":\"hu\",\"potentialAction\":[{\"@type\":\"ReadAction\",\"target\":[\"https:\/\/face2facetattoo.de\/impressum\/\"]}]},{\"@type\":\"BreadcrumbList\",\"@id\":\"https:\/\/face2facetattoo.de\/impressum\/#breadcrumb\",\"itemListElement\":[{\"@type\":\"ListItem\",\"position\":1,\"name\":\"Kezd\u0151lap\",\"item\":\"https:\/\/face2facetattoo.de\/\"},{\"@type\":\"ListItem\",\"position\":2,\"name\":\"Impressum\"}]},{\"@type\":\"WebSite\",\"@id\":\"https:\/\/face2facetattoo.de\/#website\",\"url\":\"https:\/\/face2facetattoo.de\/\",\"name\":\"Face2Face Tattoo&amp;Piercing Studio\",\"description\":\"Braunschweig\",\"potentialAction\":[{\"@type\":\"SearchAction\",\"target\":{\"@type\":\"EntryPoint\",\"urlTemplate\":\"https:\/\/face2facetattoo.de\/?s={search_term_string}\"},\"query-input\":{\"@type\":\"PropertyValueSpecification\",\"valueRequired\":true,\"valueName\":\"search_term_string\"}}],\"inLanguage\":\"hu\"}]}<\/script>\n<!-- \/ Yoast SEO plugin. -->","yoast_head_json":{"title":"Impressum - Face2Face Tattoo&amp;Piercing Studio","robots":{"index":"index","follow":"follow","max-snippet":"max-snippet:-1","max-image-preview":"max-image-preview:large","max-video-preview":"max-video-preview:-1"},"canonical":"https:\/\/face2facetattoo.de\/hu\/impressum\/","og_locale":"hu_HU","og_type":"article","og_title":"Impressum - Face2Face Tattoo&amp;Piercing Studio","og_description":"Impressum IMPRESSUM ANGABEN GEM\u00c4SS \u00a7 5 TM J\u00f3zsef Horv\u00e1thFace2face \u2013 Tattoo studioMalerweg 15, 38126 Braunschweig KONTAKT Telefon: +49 179 4375704E-Mail: info@face2facetattoo.de Wir sind nicht bereit oder verpflichtet, an Streitbeilegungsverfahren vor einer Verbraucherschlichtungsstelle teilzunehmen. HAFTUNG F\u00dcR INHALTE Als Diensteanbieter sind wir gem\u00e4\u00df \u00a7 7 Abs.1 TMG f\u00fcr eigene Inhalte auf diesen Seiten nach den allgemeinen Gesetzen [&hellip;]","og_url":"https:\/\/face2facetattoo.de\/hu\/impressum\/","og_site_name":"Face2Face Tattoo&amp;Piercing Studio","article_publisher":"https:\/\/www.facebook.com\/face2facetattoostudio","article_modified_time":"2025-07-29T10:58:59+00:00","twitter_card":"summary_large_image","twitter_misc":{"Becs\u00fclt olvas\u00e1si id\u0151":"2 perc"},"schema":{"@context":"https:\/\/schema.org","@graph":[{"@type":"WebPage","@id":"https:\/\/face2facetattoo.de\/impressum\/","url":"https:\/\/face2facetattoo.de\/impressum\/","name":"Impressum - Face2Face Tattoo&amp;Piercing Studio","isPartOf":{"@id":"https:\/\/face2facetattoo.de\/#website"},"datePublished":"2021-07-26T16:59:17+00:00","dateModified":"2025-07-29T10:58:59+00:00","breadcrumb":{"@id":"https:\/\/face2facetattoo.de\/impressum\/#breadcrumb"},"inLanguage":"hu","potentialAction":[{"@type":"ReadAction","target":["https:\/\/face2facetattoo.de\/impressum\/"]}]},{"@type":"BreadcrumbList","@id":"https:\/\/face2facetattoo.de\/impressum\/#breadcrumb","itemListElement":[{"@type":"ListItem","position":1,"name":"Kezd\u0151lap","item":"https:\/\/face2facetattoo.de\/"},{"@type":"ListItem","position":2,"name":"Impressum"}]},{"@type":"WebSite","@id":"https:\/\/face2facetattoo.de\/#website","url":"https:\/\/face2facetattoo.de\/","name":"Face2Face Tattoo&amp;Piercing Studio","description":"Brunswick","potentialAction":[{"@type":"SearchAction","target":{"@type":"EntryPoint","urlTemplate":"https:\/\/face2facetattoo.de\/?s={search_term_string}"},"query-input":{"@type":"PropertyValueSpecification","valueRequired":true,"valueName":"search_term_string"}}],"inLanguage":"hu"}]}},"_links":{"self":[{"href":"https:\/\/face2facetattoo.de\/hu\/wp-json\/wp\/v2\/pages\/1952","targetHints":{"allow":["GET"]}}],"collection":[{"href":"https:\/\/face2facetattoo.de\/hu\/wp-json\/wp\/v2\/pages"}],"about":[{"href":"https:\/\/face2facetattoo.de\/hu\/wp-json\/wp\/v2\/types\/page"}],"author":[{"embeddable":true,"href":"https:\/\/face2facetattoo.de\/hu\/wp-json\/wp\/v2\/users\/1"}],"replies":[{"embeddable":true,"href":"https:\/\/face2facetattoo.de\/hu\/wp-json\/wp\/v2\/comments?post=1952"}],"version-history":[{"count":3,"href":"https:\/\/face2facetattoo.de\/hu\/wp-json\/wp\/v2\/pages\/1952\/revisions"}],"predecessor-version":[{"id":6044,"href":"https:\/\/face2facetattoo.de\/hu\/wp-json\/wp\/v2\/pages\/1952\/revisions\/6044"}],"wp:attachment":[{"href":"https:\/\/face2facetattoo.de\/hu\/wp-json\/wp\/v2\/media?parent=1952"}],"curies":[{"name":"wp","href":"https:\/\/api.w.org\/{rel}","templated":true}]}}